{"id":9,"date":"2023-05-24T01:58:01","date_gmt":"2023-05-24T01:58:01","guid":{"rendered":"https:\/\/gkktrade.com\/?page_id=9"},"modified":"2023-05-30T04:24:25","modified_gmt":"2023-05-30T04:24:25","slug":"company","status":"publish","type":"page","link":"https:\/\/gkktrade.com\/es\/compania\/","title":{"rendered":"COMPA\u00d1\u00cdA"},"content":{"rendered":"<div data-elementor-type=\"wp-page\" data-elementor-id=\"9\" class=\"elementor elementor-9\" data-elementor-post-type=\"page\">\n\t\t\t\t\t\t<section class=\"elementor-section elementor-top-section elementor-element elementor-element-ee3603f elementor-section-boxed elementor-section-height-default elementor-section-height-default\" data-id=\"ee3603f\" data-element_type=\"section\">\n\t\t\t\t\t\t<div class=\"elementor-container elementor-column-gap-default\">\n\t\t\t\t\t<div class=\"elementor-column elementor-col-100 elementor-top-column elementor-element elementor-element-b78256c\" data-id=\"b78256c\" data-element_type=\"column\">\n\t\t\t<div class=\"elementor-widget-wrap elementor-element-populated\">\n\t\t\t\t\t\t<div class=\"elementor-element elementor-element-6bf44c7 elementor-widget elementor-widget-heading\" data-id=\"6bf44c7\" data-element_type=\"widget\" data-widget_type=\"heading.default\">\n\t\t\t\t<div class=\"elementor-widget-container\">\n\t\t\t\t\t<h1 class=\"elementor-heading-title elementor-size-default\">COMPA\u00d1\u00cdA<\/h1>\t\t\t\t<\/div>\n\t\t\t\t<\/div>\n\t\t\t\t\t<\/div>\n\t\t<\/div>\n\t\t\t\t\t<\/div>\n\t\t<\/section>\n\t\t\t\t<section class=\"elementor-section elementor-top-section elementor-element elementor-element-7f4fcb71 envato-kit-141-top-0 elementor-section-boxed elementor-section-height-default elementor-section-height-default\" data-id=\"7f4fcb71\" data-element_type=\"section\" data-settings=\"{&quot;background_background&quot;:&quot;classic&quot;}\">\n\t\t\t\t\t\t<div class=\"elementor-container elementor-column-gap-wider\">\n\t\t\t\t\t<div class=\"elementor-column elementor-col-50 elementor-top-column elementor-element elementor-element-1cfcd29\" data-id=\"1cfcd29\" data-element_type=\"column\">\n\t\t\t<div class=\"elementor-widget-wrap elementor-element-populated\">\n\t\t\t\t\t\t<div class=\"elementor-element elementor-element-6f23dd22 elementor-invisible elementor-widget elementor-widget-heading\" data-id=\"6f23dd22\" data-element_type=\"widget\" data-settings=\"{&quot;_animation&quot;:&quot;fadeIn&quot;,&quot;_animation_delay&quot;:100}\" data-widget_type=\"heading.default\">\n\t\t\t\t<div class=\"elementor-widget-container\">\n\t\t\t\t\t<h2 class=\"elementor-heading-title elementor-size-default\">Sobre Nosotros<\/h2>\t\t\t\t<\/div>\n\t\t\t\t<\/div>\n\t\t\t\t<div class=\"elementor-element elementor-element-393b0988 elementor-invisible elementor-widget elementor-widget-heading\" data-id=\"393b0988\" data-element_type=\"widget\" data-settings=\"{&quot;_animation&quot;:&quot;fadeIn&quot;,&quot;_animation_delay&quot;:150}\" data-widget_type=\"heading.default\">\n\t\t\t\t<div class=\"elementor-widget-container\">\n\t\t\t\t\t<h2 class=\"elementor-heading-title elementor-size-default\">HK GKK CO LIMITED es una empresa de importaci\u00f3n y exportaci\u00f3n de buena reputaci\u00f3n. Nos hemos enfocado en los mercados de Asia, Europa y Am\u00e9rica durante m\u00e1s de tres a\u00f1os, y contamos con un personal de ventas de diez personas que entienden espa\u00f1ol, ingl\u00e9s y chino, por lo que puede comunicarse con nosotros sin obst\u00e1culos.\n<br \/><br \/>\nHK CKK maneja las dificultades log\u00edsticas de empresas de todo el mundo y de todos los sectores, desde los m\u00e1s b\u00e1sicos hasta los m\u00e1s complicados. Somos uno de los sistemas log\u00edsticos comerciales m\u00e1s grandes del mundo, con $5 millones en fletes bajo control y 1,000 env\u00edos cada a\u00f1o.<\/h2>\t\t\t\t<\/div>\n\t\t\t\t<\/div>\n\t\t\t\t\t<\/div>\n\t\t<\/div>\n\t\t\t\t<div class=\"elementor-column elementor-col-50 elementor-top-column elementor-element elementor-element-29c33739\" data-id=\"29c33739\" data-element_type=\"column\">\n\t\t\t<div class=\"elementor-widget-wrap elementor-element-populated\">\n\t\t\t\t\t\t<div class=\"elementor-element elementor-element-a0429c9 elementor-widget-divider--view-line elementor-widget elementor-widget-divider\" data-id=\"a0429c9\" data-element_type=\"widget\" data-widget_type=\"divider.default\">\n\t\t\t\t<div class=\"elementor-widget-container\">\n\t\t\t\t\t\t\t<div class=\"elementor-divider\">\n\t\t\t<span class=\"elementor-divider-separator\">\n\t\t\t\t\t\t<\/span>\n\t\t<\/div>\n\t\t\t\t\t\t<\/div>\n\t\t\t\t<\/div>\n\t\t\t\t<div class=\"elementor-element elementor-element-75924f40 elementor-widget elementor-widget-text-editor\" data-id=\"75924f40\" data-element_type=\"widget\" data-widget_type=\"text-editor.default\">\n\t\t\t\t<div class=\"elementor-widget-container\">\n\t\t\t\t\t\t\t\t\t<p>Nuestros servicios ayudan a acelerar el comercio y el transporte de art\u00edculos y mercanc\u00edas en todo el mundo. Utilizamos nuestro borde de la informaci\u00f3n para brindar soluciones m\u00e1s inteligentes a nuestros clientes y transportistas contratados al combinar nuestro sistema de gesti\u00f3n de transporte multimodal y nuestra experiencia.<\/p><p>Nuestra tecnolog\u00eda est\u00e1 dise\u00f1ada para hacer cambios m\u00e1s r\u00e1pidos y significativos en las operaciones de nuestros clientes. Como ciudadano global responsable, tambi\u00e9n nos complace donar millones de d\u00f3lares a causas importantes para nuestra empresa, Fundaci\u00f3n y empleados.<\/p>\t\t\t\t\t\t\t\t<\/div>\n\t\t\t\t<\/div>\n\t\t\t\t\t<\/div>\n\t\t<\/div>\n\t\t\t\t\t<\/div>\n\t\t<\/section>\n\t\t\t\t<section class=\"elementor-section elementor-top-section elementor-element elementor-element-2d6459e0 elementor-section-content-middle elementor-section-boxed elementor-section-height-default elementor-section-height-default\" data-id=\"2d6459e0\" data-element_type=\"section\">\n\t\t\t\t\t\t<div class=\"elementor-container elementor-column-gap-no\">\n\t\t\t\t\t<div class=\"elementor-column elementor-col-50 elementor-top-column elementor-element elementor-element-2809b4f\" data-id=\"2809b4f\" data-element_type=\"column\">\n\t\t\t<div class=\"elementor-widget-wrap elementor-element-populated\">\n\t\t\t\t\t\t<div class=\"elementor-element elementor-element-79097dac elementor-widget elementor-widget-heading\" data-id=\"79097dac\" data-element_type=\"widget\" data-widget_type=\"heading.default\">\n\t\t\t\t<div class=\"elementor-widget-container\">\n\t\t\t\t\t<h5 class=\"elementor-heading-title elementor-size-default\">\u00bfQu\u00e9 Nos Hace \u00danicos?<\/h5>\t\t\t\t<\/div>\n\t\t\t\t<\/div>\n\t\t\t\t\t<\/div>\n\t\t<\/div>\n\t\t\t\t<div class=\"elementor-column elementor-col-50 elementor-top-column elementor-element elementor-element-32cd8106\" data-id=\"32cd8106\" data-element_type=\"column\">\n\t\t\t<div class=\"elementor-widget-wrap elementor-element-populated\">\n\t\t\t\t\t\t<div class=\"elementor-element elementor-element-6e091c8b elementor-widget elementor-widget-toggle\" data-id=\"6e091c8b\" data-element_type=\"widget\" data-widget_type=\"toggle.default\">\n\t\t\t\t<div class=\"elementor-widget-container\">\n\t\t\t\t\t\t\t<div class=\"elementor-toggle\">\n\t\t\t\t\t\t\t<div class=\"elementor-toggle-item\">\n\t\t\t\t\t<div id=\"elementor-tab-title-1841\" class=\"elementor-tab-title\" data-tab=\"1\" role=\"button\" aria-controls=\"elementor-tab-content-1841\" aria-expanded=\"false\">\n\t\t\t\t\t\t\t\t\t\t\t\t<span class=\"elementor-toggle-icon elementor-toggle-icon-right\" aria-hidden=\"true\">\n\t\t\t\t\t\t\t\t\t\t\t\t\t\t\t<span class=\"elementor-toggle-icon-closed\"><i class=\"fas fa-caret-right\"><\/i><\/span>\n\t\t\t\t\t\t\t\t<span class=\"elementor-toggle-icon-opened\"><i class=\"elementor-toggle-icon-opened fas fa-caret-up\"><\/i><\/span>\n\t\t\t\t\t\t\t\t\t\t\t\t\t<\/span>\n\t\t\t\t\t\t\t\t\t\t\t\t<a class=\"elementor-toggle-title\" tabindex=\"0\">Precio C\u00f3modo<\/a>\n\t\t\t\t\t<\/div>\n\n\t\t\t\t\t<div id=\"elementor-tab-content-1841\" class=\"elementor-tab-content elementor-clearfix\" data-tab=\"1\" role=\"region\" aria-labelledby=\"elementor-tab-title-1841\"><p>Compare muchos fabricantes para obtener el mejor precio para usted y maximizar sus ganancias.<\/p><\/div>\n\t\t\t\t<\/div>\n\t\t\t\t\t\t\t<div class=\"elementor-toggle-item\">\n\t\t\t\t\t<div id=\"elementor-tab-title-1842\" class=\"elementor-tab-title\" data-tab=\"2\" role=\"button\" aria-controls=\"elementor-tab-content-1842\" aria-expanded=\"false\">\n\t\t\t\t\t\t\t\t\t\t\t\t<span class=\"elementor-toggle-icon elementor-toggle-icon-right\" aria-hidden=\"true\">\n\t\t\t\t\t\t\t\t\t\t\t\t\t\t\t<span class=\"elementor-toggle-icon-closed\"><i class=\"fas fa-caret-right\"><\/i><\/span>\n\t\t\t\t\t\t\t\t<span class=\"elementor-toggle-icon-opened\"><i class=\"elementor-toggle-icon-opened fas fa-caret-up\"><\/i><\/span>\n\t\t\t\t\t\t\t\t\t\t\t\t\t<\/span>\n\t\t\t\t\t\t\t\t\t\t\t\t<a class=\"elementor-toggle-title\" tabindex=\"0\">Mejor Servicio<\/a>\n\t\t\t\t\t<\/div>\n\n\t\t\t\t\t<div id=\"elementor-tab-content-1842\" class=\"elementor-tab-content elementor-clearfix\" data-tab=\"2\" role=\"region\" aria-labelledby=\"elementor-tab-title-1842\"><p>Durante los \u00faltimos diez a\u00f1os, he estado involucrado en el comercio de importaci\u00f3n y exportaci\u00f3n, lo que me permite brindarle los servicios m\u00e1s competentes.<\/p><\/div>\n\t\t\t\t<\/div>\n\t\t\t\t\t\t\t<div class=\"elementor-toggle-item\">\n\t\t\t\t\t<div id=\"elementor-tab-title-1843\" class=\"elementor-tab-title\" data-tab=\"3\" role=\"button\" aria-controls=\"elementor-tab-content-1843\" aria-expanded=\"false\">\n\t\t\t\t\t\t\t\t\t\t\t\t<span class=\"elementor-toggle-icon elementor-toggle-icon-right\" aria-hidden=\"true\">\n\t\t\t\t\t\t\t\t\t\t\t\t\t\t\t<span class=\"elementor-toggle-icon-closed\"><i class=\"fas fa-caret-right\"><\/i><\/span>\n\t\t\t\t\t\t\t\t<span class=\"elementor-toggle-icon-opened\"><i class=\"elementor-toggle-icon-opened fas fa-caret-up\"><\/i><\/span>\n\t\t\t\t\t\t\t\t\t\t\t\t\t<\/span>\n\t\t\t\t\t\t\t\t\t\t\t\t<a class=\"elementor-toggle-title\" tabindex=\"0\">Ventaja del Lenguaje<\/a>\n\t\t\t\t\t<\/div>\n\n\t\t\t\t\t<div id=\"elementor-tab-content-1843\" class=\"elementor-tab-content elementor-clearfix\" data-tab=\"3\" role=\"region\" aria-labelledby=\"elementor-tab-title-1843\"><p>Ingl\u00e9s, espa\u00f1ol y chino est\u00e1n todos disponibles.<\/p><\/div>\n\t\t\t\t<\/div>\n\t\t\t\t\t\t\t<div class=\"elementor-toggle-item\">\n\t\t\t\t\t<div id=\"elementor-tab-title-1844\" class=\"elementor-tab-title\" data-tab=\"4\" role=\"button\" aria-controls=\"elementor-tab-content-1844\" aria-expanded=\"false\">\n\t\t\t\t\t\t\t\t\t\t\t\t<span class=\"elementor-toggle-icon elementor-toggle-icon-right\" aria-hidden=\"true\">\n\t\t\t\t\t\t\t\t\t\t\t\t\t\t\t<span class=\"elementor-toggle-icon-closed\"><i class=\"fas fa-caret-right\"><\/i><\/span>\n\t\t\t\t\t\t\t\t<span class=\"elementor-toggle-icon-opened\"><i class=\"elementor-toggle-icon-opened fas fa-caret-up\"><\/i><\/span>\n\t\t\t\t\t\t\t\t\t\t\t\t\t<\/span>\n\t\t\t\t\t\t\t\t\t\t\t\t<a class=\"elementor-toggle-title\" tabindex=\"0\">Control de Calidad<\/a>\n\t\t\t\t\t<\/div>\n\n\t\t\t\t\t<div id=\"elementor-tab-content-1844\" class=\"elementor-tab-content elementor-clearfix\" data-tab=\"4\" role=\"region\" aria-labelledby=\"elementor-tab-title-1844\"><p>Examine cada art\u00edculo y env\u00edele una foto.<\/p><\/div>\n\t\t\t\t<\/div>\n\t\t\t\t\t\t\t\t<\/div>\n\t\t\t\t\t\t<\/div>\n\t\t\t\t<\/div>\n\t\t\t\t\t<\/div>\n\t\t<\/div>\n\t\t\t\t\t<\/div>\n\t\t<\/section>\n\t\t\t\t<section class=\"elementor-section elementor-top-section elementor-element elementor-element-5a8162b elementor-section-boxed elementor-section-height-default elementor-section-height-default\" data-id=\"5a8162b\" data-element_type=\"section\" data-settings=\"{&quot;background_background&quot;:&quot;classic&quot;}\">\n\t\t\t\t\t\t<div class=\"elementor-container elementor-column-gap-default\">\n\t\t\t\t\t<div class=\"elementor-column elementor-col-100 elementor-top-column elementor-element elementor-element-5288802\" data-id=\"5288802\" data-element_type=\"column\">\n\t\t\t<div class=\"elementor-widget-wrap elementor-element-populated\">\n\t\t\t\t\t\t<div class=\"elementor-element elementor-element-83341fe elementor-widget elementor-widget-image\" data-id=\"83341fe\" data-element_type=\"widget\" data-widget_type=\"image.default\">\n\t\t\t\t<div class=\"elementor-widget-container\">\n\t\t\t\t\t\t\t\t\t\t\t\t\t\t\t<img fetchpriority=\"high\" decoding=\"async\" width=\"1500\" height=\"1000\" src=\"https:\/\/gkktrade.com\/wp-content\/uploads\/2023\/05\/about-team.jpg\" class=\"attachment-full size-full wp-image-135\" alt=\"\" srcset=\"https:\/\/gkktrade.com\/wp-content\/uploads\/2023\/05\/about-team.jpg 1500w, https:\/\/gkktrade.com\/wp-content\/uploads\/2023\/05\/about-team-300x200.jpg 300w, https:\/\/gkktrade.com\/wp-content\/uploads\/2023\/05\/about-team-1024x683.jpg 1024w, https:\/\/gkktrade.com\/wp-content\/uploads\/2023\/05\/about-team-768x512.jpg 768w, https:\/\/gkktrade.com\/wp-content\/uploads\/2023\/05\/about-team-18x12.jpg 18w\" sizes=\"(max-width: 1500px) 100vw, 1500px\" \/>\t\t\t\t\t\t\t\t\t\t\t\t\t\t\t<\/div>\n\t\t\t\t<\/div>\n\t\t\t\t<div class=\"elementor-element elementor-element-71255cd elementor-widget elementor-widget-heading\" data-id=\"71255cd\" data-element_type=\"widget\" data-widget_type=\"heading.default\">\n\t\t\t\t<div class=\"elementor-widget-container\">\n\t\t\t\t\t<h2 class=\"elementor-heading-title elementor-size-default\">\u00bfQu\u00e9 es lo Que Hacemos?<\/h2>\t\t\t\t<\/div>\n\t\t\t\t<\/div>\n\t\t\t\t<div class=\"elementor-element elementor-element-cddebf3 elementor-widget elementor-widget-text-editor\" data-id=\"cddebf3\" data-element_type=\"widget\" data-widget_type=\"text-editor.default\">\n\t\t\t\t<div class=\"elementor-widget-container\">\n\t\t\t\t\t\t\t\t\t<p>Somos una empresa de comercio (importaci\u00f3n y exportaci\u00f3n) que tiene como objetivo emplear sus fondos en una variedad de mercados y regiones deseables.<\/p><p>Confiando \u00fanicamente en nuestras propias habilidades, nuestros valiosos empleados y nuestras relaciones globales, pudimos desarrollar nuestro modelo comercial a trav\u00e9s de nuestro enfoque \u00fanico.<\/p><p>Dado que nuestros empleados son el recurso m\u00e1s importante que tenemos como empresa, hacemos un gran esfuerzo para identificar y desarrollar los mayores talentos funcionales en un ambiente institucional vibrante que los inspira a desarrollarse y prosperar.<\/p>\t\t\t\t\t\t\t\t<\/div>\n\t\t\t\t<\/div>\n\t\t\t\t\t<\/div>\n\t\t<\/div>\n\t\t\t\t\t<\/div>\n\t\t<\/section>\n\t\t\t\t<section class=\"elementor-section elementor-top-section elementor-element elementor-element-d444d73 elementor-section-boxed elementor-section-height-default elementor-section-height-default\" data-id=\"d444d73\" data-element_type=\"section\">\n\t\t\t\t\t\t<div class=\"elementor-container elementor-column-gap-default\">\n\t\t\t\t\t<div class=\"elementor-column elementor-col-100 elementor-top-column elementor-element elementor-element-a32b0da\" data-id=\"a32b0da\" data-element_type=\"column\">\n\t\t\t<div class=\"elementor-widget-wrap elementor-element-populated\">\n\t\t\t\t\t\t<section class=\"elementor-section elementor-inner-section elementor-element elementor-element-0d7e84f elementor-section-boxed elementor-section-height-default elementor-section-height-default\" data-id=\"0d7e84f\" data-element_type=\"section\">\n\t\t\t\t\t\t<div class=\"elementor-container elementor-column-gap-default\">\n\t\t\t\t\t<div class=\"elementor-column elementor-col-50 elementor-inner-column elementor-element elementor-element-56b0d9a\" data-id=\"56b0d9a\" data-element_type=\"column\">\n\t\t\t<div class=\"elementor-widget-wrap elementor-element-populated\">\n\t\t\t\t\t\t<div class=\"elementor-element elementor-element-1df12e0 elementor-widget elementor-widget-heading\" data-id=\"1df12e0\" data-element_type=\"widget\" data-widget_type=\"heading.default\">\n\t\t\t\t<div class=\"elementor-widget-container\">\n\t\t\t\t\t<h2 class=\"elementor-heading-title elementor-size-default\">Nuestra Meta<\/h2>\t\t\t\t<\/div>\n\t\t\t\t<\/div>\n\t\t\t\t<div class=\"elementor-element elementor-element-3f2619f elementor-widget elementor-widget-text-editor\" data-id=\"3f2619f\" data-element_type=\"widget\" data-widget_type=\"text-editor.default\">\n\t\t\t\t<div class=\"elementor-widget-container\">\n\t\t\t\t\t\t\t\t\t<p>Contribuimos al \u00e9xito comercial de cada uno de nuestros clientes, ya sea mediante el establecimiento de una cadena de suministro eficiente para una PYME (peque\u00f1a o mediana empresa) de alta tecnolog\u00eda en Hong Kong, lo que permite una visibilidad y control completos de los env\u00edos a trav\u00e9s de nuestras plataformas f\u00e1ciles de usar, o garantizar la llegada oportuna de un env\u00edo de flores a su destinatario.<\/p><p>Trabajamos directamente con industrias y empresas para crear soluciones nuevas y personalizadas, y empleamos tecnolog\u00eda de punta. Esta proximidad con nuestros clientes nos permite crear soluciones adaptables que brindan tranquilidad a todas las partes involucradas. Por ejemplo, nuestra soluci\u00f3n de cadena de suministro de log\u00edstica de extremo a extremo para las industrias farmac\u00e9utica y de atenci\u00f3n m\u00e9dica ha demostrado su eficacia para satisfacer las demandas especiales de este mercado altamente regulado.<\/p><p>Somos el socio que hace posibles sus audaces promesas mediante el desarrollo de soluciones que satisfacen las expectativas cambiantes de los clientes.<\/p><p><em>Misi\u00f3n<\/em><\/p><p>Nuestra gente, procedimientos y tecnolog\u00eda ayudan a mejorar el transporte y las cadenas de suministro del mundo, al mismo tiempo que brindan un valor excepcional a nuestros clientes y proveedores.<\/p><p><em>Visi\u00f3n<\/em><\/p><p>La plataforma de cadena de suministro m\u00e1s poderosa del mundo est\u00e1 acelerando el comercio.<\/p>\t\t\t\t\t\t\t\t<\/div>\n\t\t\t\t<\/div>\n\t\t\t\t\t<\/div>\n\t\t<\/div>\n\t\t\t\t<div class=\"elementor-column elementor-col-50 elementor-inner-column elementor-element elementor-element-44da59b\" data-id=\"44da59b\" data-element_type=\"column\">\n\t\t\t<div class=\"elementor-widget-wrap elementor-element-populated\">\n\t\t\t\t\t\t<div class=\"elementor-element elementor-element-7b84cc9 elementor-widget elementor-widget-heading\" data-id=\"7b84cc9\" data-element_type=\"widget\" data-widget_type=\"heading.default\">\n\t\t\t\t<div class=\"elementor-widget-container\">\n\t\t\t\t\t<h2 class=\"elementor-heading-title elementor-size-default\">Nuestros Valores<\/h2>\t\t\t\t<\/div>\n\t\t\t\t<\/div>\n\t\t\t\t<div class=\"elementor-element elementor-element-49231fe elementor-widget elementor-widget-text-editor\" data-id=\"49231fe\" data-element_type=\"widget\" data-widget_type=\"text-editor.default\">\n\t\t\t\t<div class=\"elementor-widget-container\">\n\t\t\t\t\t\t\t\t\t<p>Como uno de nuestros valores fundamentales, HK GKK se esfuerza por mejorar sus habilidades de abastecimiento a trav\u00e9s de su presencia perspicaz. Esto se ve reforzado por una clientela variada que cubre varias geograf\u00edas importantes y sigue creciendo.<\/p><p>Mantenemos nuestro equilibrio y atenci\u00f3n al adherirnos a un conjunto de cuatro principios rectores que se aplican tanto dentro como fuera de la oficina.<\/p><p><strong>Evolucionar constantemente<\/strong><\/p><ul><li>Cambiar y adaptarse<\/li><li>Innovar y mejorar continuamente<\/li><\/ul><p><strong>Proporcionar excelencia<\/strong><\/p><ul><li>Produzca resultados sobresalientes<\/li><li>Compite por la victoria<\/li><\/ul><p><strong>Crecer uno al lado del otro<\/strong><\/p><ul><li>Desarrollo de Personas y Coaching<\/li><li>Consid\u00e9rese un cliente.<\/li><\/ul><p><strong>Aceptar la honestidad<\/strong><\/p><ul><li>Diferencias en valor<\/li><li>Inspirar<\/li><\/ul>\t\t\t\t\t\t\t\t<\/div>\n\t\t\t\t<\/div>\n\t\t\t\t\t<\/div>\n\t\t<\/div>\n\t\t\t\t\t<\/div>\n\t\t<\/section>\n\t\t\t\t\t<\/div>\n\t\t<\/div>\n\t\t\t\t\t<\/div>\n\t\t<\/section>\n\t\t\t\t<\/div>","protected":false},"excerpt":{"rendered":"<p>Company About Us HK GKK CO LIMITED is a reputable import and export business. We have been focused on the Asian, European, and American markets for over three years, and we have a sales staff of ten individuals that understand Spanish, English, and Chinese, so you can communicate with us without any hurdles. HK CKK [&hellip;]<\/p>","protected":false},"author":3,"featured_media":0,"parent":0,"menu_order":0,"comment_status":"closed","ping_status":"closed","template":"","meta":{"footnotes":""},"class_list":["post-9","page","type-page","status-publish","hentry"],"_links":{"self":[{"href":"https:\/\/gkktrade.com\/es\/wp-json\/wp\/v2\/pages\/9","targetHints":{"allow":["GET"]}}],"collection":[{"href":"https:\/\/gkktrade.com\/es\/wp-json\/wp\/v2\/pages"}],"about":[{"href":"https:\/\/gkktrade.com\/es\/wp-json\/wp\/v2\/types\/page"}],"author":[{"embeddable":true,"href":"https:\/\/gkktrade.com\/es\/wp-json\/wp\/v2\/users\/3"}],"replies":[{"embeddable":true,"href":"https:\/\/gkktrade.com\/es\/wp-json\/wp\/v2\/comments?post=9"}],"version-history":[{"count":13,"href":"https:\/\/gkktrade.com\/es\/wp-json\/wp\/v2\/pages\/9\/revisions"}],"predecessor-version":[{"id":302,"href":"https:\/\/gkktrade.com\/es\/wp-json\/wp\/v2\/pages\/9\/revisions\/302"}],"wp:attachment":[{"href":"https:\/\/gkktrade.com\/es\/wp-json\/wp\/v2\/media?parent=9"}],"curies":[{"name":"wp","href":"https:\/\/api.w.org\/{rel}","templated":true}]}}