{"id":3,"date":"2023-05-15T21:56:05","date_gmt":"2023-05-15T21:56:05","guid":{"rendered":"https:\/\/gkktrade.com\/?page_id=3"},"modified":"2023-11-03T18:11:52","modified_gmt":"2023-11-03T18:11:52","slug":"privacy-policy","status":"publish","type":"page","link":"https:\/\/gkktrade.com\/es\/politica-de-privacidad\/","title":{"rendered":"POL\u00cdTICA DE PRIVACIDAD"},"content":{"rendered":"<div data-elementor-type=\"wp-page\" data-elementor-id=\"3\" class=\"elementor elementor-3\" data-elementor-post-type=\"page\">\n\t\t\t\t\t\t<section class=\"elementor-section elementor-top-section elementor-element elementor-element-042a34c elementor-section-boxed elementor-section-height-default elementor-section-height-default\" data-id=\"042a34c\" data-element_type=\"section\">\n\t\t\t\t\t\t<div class=\"elementor-container elementor-column-gap-default\">\n\t\t\t\t\t<div class=\"elementor-column elementor-col-100 elementor-top-column elementor-element elementor-element-c12fcee\" data-id=\"c12fcee\" data-element_type=\"column\">\n\t\t\t<div class=\"elementor-widget-wrap elementor-element-populated\">\n\t\t\t\t\t\t<div class=\"elementor-element elementor-element-9b46b63 elementor-widget elementor-widget-heading\" data-id=\"9b46b63\" data-element_type=\"widget\" data-widget_type=\"heading.default\">\n\t\t\t\t<div class=\"elementor-widget-container\">\n\t\t\t\t\t<h1 class=\"elementor-heading-title elementor-size-default\">POL\u00cdTICA DE PRIVACIDAD<\/h1>\t\t\t\t<\/div>\n\t\t\t\t<\/div>\n\t\t\t\t\t<\/div>\n\t\t<\/div>\n\t\t\t\t\t<\/div>\n\t\t<\/section>\n\t\t\t\t<section class=\"elementor-section elementor-top-section elementor-element elementor-element-932c98b elementor-section-boxed elementor-section-height-default elementor-section-height-default\" data-id=\"932c98b\" data-element_type=\"section\" data-settings=\"{&quot;background_background&quot;:&quot;classic&quot;}\">\n\t\t\t\t\t\t<div class=\"elementor-container elementor-column-gap-default\">\n\t\t\t\t\t<div class=\"elementor-column elementor-col-100 elementor-top-column elementor-element elementor-element-15d34c4\" data-id=\"15d34c4\" data-element_type=\"column\" data-settings=\"{&quot;background_background&quot;:&quot;classic&quot;}\">\n\t\t\t<div class=\"elementor-widget-wrap elementor-element-populated\">\n\t\t\t\t\t\t<div class=\"elementor-element elementor-element-40d56b2 elementor-widget elementor-widget-text-editor\" data-id=\"40d56b2\" data-element_type=\"widget\" data-widget_type=\"text-editor.default\">\n\t\t\t\t<div class=\"elementor-widget-container\">\n\t\t\t\t\t\t\t\t\t<p>\u00daltima actualizaci\u00f3n 10 de mayo de 2023<\/p><p>El uso, divulgaci\u00f3n y procesamiento de su informaci\u00f3n personal por parte de HK GKK (\"nosotros\" o \"nosotros\") se explica en esta declaraci\u00f3n de privacidad. Al utilizar nuestro sitio web y\/o aplicaciones en el futuro, usted acepta los t\u00e9rminos de esta Declaraci\u00f3n de privacidad. Esta Pol\u00edtica de Privacidad est\u00e1 sujeta a modificaci\u00f3n en cualquier momento, reserv\u00e1ndonos el derecho. Actualizaremos esta p\u00e1gina con cualquier cambio en nuestra pol\u00edtica de privacidad. Si nuestra pol\u00edtica de privacidad ha cambiado, vuelva a consultarla con frecuencia. La fecha de \"\u00daltima actualizaci\u00f3n\", que se muestra arriba, servir\u00e1 como recordatorio de cualquier revisi\u00f3n de la Pol\u00edtica de privacidad.<\/p><p>Datos personales que recopilamos sobre usted y por qu\u00e9 se utilizan para fines comerciales<\/p><p>Los cuadros a continuaci\u00f3n muestran los muchos fines comerciales para los que recopilamos datos personales. Tenga en cuenta que la informaci\u00f3n precisa sobre usted que podemos recopilar var\u00eda seg\u00fan el contexto de sus interacciones con nosotros. El t\u00e9rmino \"informaci\u00f3n personal\", como se usa en esta declaraci\u00f3n de privacidad, se refiere a la informaci\u00f3n que puede usarse razonablemente para identificar, caracterizar, relacionar o vincular directa o indirectamente a un consumidor u hogar espec\u00edfico. Los siguientes est\u00e1n excluidos de la definici\u00f3n de \"informaci\u00f3n personal\": (i) datos que son informaci\u00f3n an\u00f3nima o agregada del consumidor; (ii) datos que son datos de acceso p\u00fablico o datos honestos obtenidos legalmente que son un asunto de inter\u00e9s p\u00fablico.<\/p><p>Tambi\u00e9n recopilamos \"informaci\u00f3n personal confidencial\", como se define a continuaci\u00f3n. La informaci\u00f3n personal confidencial se define como informaci\u00f3n personal que revela informaci\u00f3n como: (a) seguro social, licencia de conducir, tarjeta de identificaci\u00f3n estatal o n\u00famero de pasaporte; (b) inicio de sesi\u00f3n en la cuenta, cuenta financiera, tarjeta de d\u00e9bito o n\u00famero de tarjeta de cr\u00e9dito en combinaci\u00f3n con cualquier c\u00f3digo de acceso o seguridad requerido, contrase\u00f1a o credenciales que permitan el acceso a una cuenta; (c) geolocalizaci\u00f3n precisa; o (d) origen racial o \u00e9tnico, creencias religiosas o filos\u00f3ficas, o afiliaci\u00f3n sindical; (e) el contenido del correo postal, el correo electr\u00f3nico y los mensajes de texto de un consumidor, a menos que seamos los destinatarios previstos de la comunicaci\u00f3n; y (f) datos gen\u00e9ticos. La informaci\u00f3n personal confidencial que est\u00e1 disponible p\u00fablicamente no se considera informaci\u00f3n personal confidencial o informaci\u00f3n personal.<\/p><p>Los tipos de informaci\u00f3n personal que recopilamos y hemos recopilado en los 12 meses anteriores, las fuentes de las que se obtuvo la informaci\u00f3n personal y el motivo comercial de dicha recopilaci\u00f3n se enumeran a continuaci\u00f3n.<\/p><table><tbody><tr><td width=\"115\"><p><strong>Categor\u00eda de informaci\u00f3n personal<\/strong><\/p><\/td><td width=\"252\"><p><strong>Categor\u00edas de fuentes de las que se recopila la informaci\u00f3n personal<\/strong><\/p><\/td><td width=\"236\"><p><strong>Prop\u00f3sito empresarial o comercial para el cobro<\/strong><\/p><\/td><\/tr><tr><td width=\"115\"><p>Identificadores<\/p><\/td><td width=\"252\"><p>Directamente de usted Autom\u00e1ticamente, cuando visita nuestro sitio web, como cookies en nuestros sitios web (consulte a continuaci\u00f3n para obtener m\u00e1s informaci\u00f3n) Autom\u00e1ticamente de los sistemas que utilizamos, como para operaciones, log\u00edstica, env\u00edo y servicios corporativos<\/p><\/td><td width=\"236\"><p>Para operaciones de procesamiento, log\u00edstica, env\u00edo, corporativos, transaccionales y otros servicios que brindamos Para fines de informes Para fines anal\u00edticos Para fines de diagn\u00f3stico<\/p><\/td><\/tr><tr><td width=\"115\"><p>Caracter\u00edsticas protegidas<\/p><\/td><td width=\"252\"><p>Directamente de usted Autom\u00e1ticamente de los sistemas que usamos, como para env\u00edos y servicios corporativos<\/p><\/td><td width=\"236\"><p>Para operaciones de procesamiento, log\u00edstica, env\u00edo, corporativos, transaccionales y otros servicios que brindamos Para fines de informes Para fines anal\u00edticos \u00a0<\/p><\/td><\/tr><tr><td width=\"115\"><p>Informaci\u00f3n Comercial<\/p><\/td><td width=\"252\"><p>Directamente de usted Autom\u00e1ticamente<\/p><\/td><td width=\"236\"><p>Para operaciones de procesamiento, log\u00edstica, env\u00edo, corporativos, transaccionales y otros servicios que brindamos Para fines de informes Para fines anal\u00edticos\u00a0<\/p><\/td><\/tr><tr><td width=\"115\"><p>Informaci\u00f3n de Internet<\/p><\/td><td width=\"252\"><p>Directamente de usted Autom\u00e1ticamente<\/p><\/td><td width=\"236\"><p>Para seguridad de la informaci\u00f3n Para fines legales Para fines de informes Para fines anal\u00edticos<\/p><\/td><\/tr><tr><td width=\"115\"><p>Datos de geolocalizaci\u00f3n<\/p><\/td><td width=\"252\"><p>Autom\u00e1ticamente<\/p><\/td><td width=\"236\"><p>Para seguridad de la informaci\u00f3n Para fines legales Para fines de informes Para fines anal\u00edticos<\/p><\/td><\/tr><tr><td width=\"115\"><p>Informaci\u00f3n Audiovisual<\/p><\/td><td width=\"252\"><p>Directamente de usted Autom\u00e1ticamente<\/p><\/td><td width=\"236\"><p>Por seguridad Para llevar registros de las reuniones<\/p><\/td><\/tr><tr><td width=\"115\"><p>Informaci\u00f3n profesional<\/p><\/td><td width=\"252\"><p>Directamente de usted Autom\u00e1ticamente de los sistemas que usamos, como para env\u00edos y servicios corporativos<\/p><\/td><td width=\"236\"><p>Con fines informativos Con fines anal\u00edticos\u00a0<\/p><\/td><\/tr><tr><td width=\"115\"><p>Informaci\u00f3n sobre Educaci\u00f3n<\/p><\/td><td width=\"252\"><p>Directamente de usted Autom\u00e1ticamente de los sistemas que usamos, como para env\u00edos y servicios corporativos<\/p><\/td><td width=\"236\"><p>Con fines informativos Con fines anal\u00edticos\u00a0<\/p><\/td><\/tr><tr><td width=\"115\"><p>Caracter\u00edsticas sensibles protegidas<\/p><\/td><td width=\"252\"><p>Directamente de sus proveedores de servicios, incluidas las agencias de informes Core HCM y Taleo Consumer<\/p><\/td><td width=\"236\"><p>Con fines informativos Con fines anal\u00edticos Para cumplir con leyes o reglamentos \u00a0<\/p><\/td><\/tr><\/tbody><\/table><p>Vendemos, compartimos o divulgamos informaci\u00f3n personal sobre usted con fines comerciales<\/p><p>No \"vendemos\" su informaci\u00f3n personal, y no tenemos conocimiento de ninguna \"venta\" de informaci\u00f3n personal de ni\u00f1os menores de 16 a\u00f1os, ya que esa palabra se usa ampliamente. Sin embargo, utilizamos empresas de terceros para publicar publicidad en sus sitios, como Meta (Facebook e Instagram), Twitter, LinkedIn y Google, que pueden recopilar su informaci\u00f3n personal. Google Analytics tambi\u00e9n se utiliza para mantener el funcionamiento del sitio web y mejorar nuestro sitio web y nuestros servicios. Este software puede recopilar informaci\u00f3n como su direcci\u00f3n IP, ubicaci\u00f3n, edad y sexo, tipo de navegador e idioma, sistema operativo, tiempo de acceso, duraci\u00f3n de la visita, p\u00e1ginas que ve dentro de nuestro sitio web, t\u00e9rminos de b\u00fasqueda que ingresa y otras acciones que realiza durante la visita. nosotros, las p\u00e1ginas que ve inmediatamente antes y despu\u00e9s de acceder a los servicios, la frecuencia con la que utiliza nuestros Servicios, datos agregados de uso y rendimiento, errores de aplicaciones e informaci\u00f3n de depuraci\u00f3n, y otra informaci\u00f3n. Al instalar el complemento del navegador Google Analytics, puede optar por que Google Analytics no rastree su actividad en nuestro sitio web. Estas empresas utilizan la informaci\u00f3n de acuerdo con sus normas de privacidad, que debe leer. Seg\u00fan la ley de Hong Kong, el uso de su informaci\u00f3n personal puede constituir una venta.<\/p><p>Tambi\u00e9n podemos usar su informaci\u00f3n personal para publicidad conductual de contexto cruzado (publicidad dirigida), incluidos los identificadores, la informaci\u00f3n comercial, la informaci\u00f3n de Internet y la geolocalizaci\u00f3n mencionadas anteriormente.<\/p><p>Adem\u00e1s, hemos compartido informaci\u00f3n personal con nuestros proveedores de servicios y contratistas para los siguientes objetivos comerciales en los 12 meses anteriores.\u00a0<\/p><ul><li>Auditor\u00eda de impresiones de anuncios: por razones de auditor\u00eda relacionadas con el recuento de impresiones de anuncios para visitantes \u00fanicos, la confirmaci\u00f3n de la colocaci\u00f3n y la calidad de las impresiones de anuncios y la evaluaci\u00f3n del cumplimiento de esta especificaci\u00f3n y otras normas.<\/li><li>Servicios en nuestro nombre: para recibir servicios como mantenimiento o servicio de cuentas, servicio al cliente, procesamiento o cumplimiento de pedidos y transacciones, verificaci\u00f3n de informaci\u00f3n del cliente, procesamiento de pagos, provisi\u00f3n de financiamiento, servicios anal\u00edticos, almacenamiento o prestaci\u00f3n de servicios similares en nuestro nombre.<\/li><li>Servicios de publicidad y marketing: para realizar publicidad o marketing en nuestro nombre.<\/li><li>Investigaci\u00f3n y desarrollo: para el desarrollo t\u00e9cnico interno y la investigaci\u00f3n de demostraci\u00f3n.<\/li><li>Control de calidad y mejora de productos y servicios: para verificar, mantener y mejorar nuestros productos y servicios.<\/li><\/ul><p>Las categor\u00edas de informaci\u00f3n personal que divulgamos con fines comerciales se enumeran en el cuadro a continuaci\u00f3n.<\/p><p>\u00a0<\/p><table><tbody><tr><td width=\"301\"><p><strong>Categor\u00edas de informaci\u00f3n personal que divulgamos<\/strong><\/p><\/td><td width=\"302\"><table width=\"1220\"><tbody><tr><td width=\"610\"><p><strong>Fines comerciales para la divulgaci\u00f3n de datos personales Informaci\u00f3n<\/strong><\/p><\/td><td width=\"610\"><p><strong>\u00a0<\/strong><\/p><\/td><\/tr><\/tbody><\/table><\/td><\/tr><tr><td colspan=\"2\" width=\"604\"><p><strong>INFORMACI\u00d3N PERSONAL<\/strong><\/p><\/td><\/tr><tr><td width=\"301\"><p>Identificadores<\/p><\/td><td width=\"302\"><p>Auditor\u00eda de impresi\u00f3n de anuncios<br \/>Servicios en nuestro nombre<br \/>Servicios de publicidad y marketing<br \/>Investigaci\u00f3n y desarrollo<br \/>Control de calidad y mejora de productos y servicios<\/p><\/td><\/tr><tr><td width=\"301\"><p>Caracter\u00edsticas protegidas<\/p><\/td><td width=\"302\"><p>Servicios en nuestro nombre<\/p><\/td><\/tr><tr><td width=\"301\"><p>Informaci\u00f3n Comercial<\/p><\/td><td width=\"302\"><p>Auditor\u00eda de impresi\u00f3n de anuncios<br \/>Servicios en nuestro nombre<br \/>Servicios de publicidad y marketing<br \/>Investigaci\u00f3n y desarrollo<br \/>Control de calidad y mejora de productos y servicios<\/p><\/td><\/tr><tr><td width=\"301\"><p>Informaci\u00f3n de Internet<\/p><\/td><td width=\"302\"><p>Auditor\u00eda de impresi\u00f3n de anuncios<br \/>Servicios en nuestro nombre<br \/>Servicios de publicidad y marketing<br \/>Investigaci\u00f3n y desarrollo<br \/>Control de calidad y mejora de productos y servicios<\/p><\/td><\/tr><tr><td width=\"301\"><p>Datos de geolocalizaci\u00f3n<\/p><\/td><td width=\"302\"><p>Auditor\u00eda de impresi\u00f3n de anuncios<br \/>Servicios en nuestro nombre<br \/>Servicios de publicidad y marketing<br \/>Investigaci\u00f3n y desarrollo<br \/>Control de calidad y mejora de productos y servicios<\/p><\/td><\/tr><\/tbody><\/table><p><strong>Seg\u00fan sea necesario:<\/strong> We reserve the right to disclose personal information when it is required to: (a) comply with legal process; (b) carry out requests from public and governmental authorities; (c) uphold our terms and conditions; (d) safeguard our operations; or (e) defend the rights, privacy, safety, or property of us, you, or others; or (e) enable us to pursue legal remedies or lessen the harm we may suffer.\u00a0 Additionally, we reserve the right to use personal data in connection with or during any negotiations for any reorganization, merger, sale, joint venture, assignment, transfer, or other disposition of all or any portion of our business, assets, or stock (including in connection with any bankruptcy or similar proceedings).<\/p><p>We only use sensitive personal data for the purposes described in this document.\u00a0 Other than what is stated below, we never use or disclose sensitive personal information.]<\/p><p>Cu\u00e1nto tiempo conservamos su informaci\u00f3n personal: nuestra pol\u00edtica de retenci\u00f3n<\/p><p>For as long as it is reasonably necessary for us to use the information for the purposes disclosed here and for any other permitted purposes, including the retention of personal information required by any applicable contract, law, or regulation, we will keep each category of your personal information listed above.\u00a0 The amount, nature, and sensitivity of the personal information, the risk of harm from unauthorized use or disclosure, the purposes for which we process the personal information and whether those purposes can be met by other means and any applicable legal requirements are all taken into account when determining the appropriate retention period.<\/p><p>Verificaci\u00f3n del Derecho a ser informado, rectificado y suprimido<\/p><p>Haremos todo lo posible para confirmar su identidad antes de brindarle acceso a su informaci\u00f3n personal o de conceder sus solicitudes para conocer, eliminar y\/o rectificar a fin de ayudar a preservar su privacidad y garantizar la seguridad mientras ejerce sus derechos de conocer, corregir y\/o o eliminar.\u00a0<\/p><p>Depending on the request you are making and whether you have an account with us or not, our verification process may be different.\u00a0 The overall description of the verification procedures we employ is as follows:<\/p><ul><li>Accounts with password protection. We may utilize current authentication procedures to confirm your identity if you have a password-protected account with us, but we will need to re-verify your identity before revealing, amending, or deleting data.\u00a0 Before granting a request to know or remove information, we may need additional proof (as outlined below) if we believe there has been fraudulent or criminal activity connected to your account.<\/li><li>Verificaci\u00f3n de no titular de cuenta. Por lo general, realizaremos los siguientes procedimientos de verificaci\u00f3n de identidad si no tiene una cuenta protegida con contrase\u00f1a con nosotros o no puede acceder a una:<ul><li>Cuando solicite categor\u00edas espec\u00edficas de informaci\u00f3n personal, confirmaremos razonablemente su identidad comparando al menos dos de los puntos de datos que proporcione con los puntos de datos confiables que tenemos archivados sobre usted.<\/li><li>By comparing at least three of the data points you supply with the trustworthy data points we retain, we may plausibly confirm your identity when you ask for particular personal information. Additionally, a certification that the person making the request is that person, or that person&#8217;s authorized agent, must be provided and be signed under penalty of perjury.\u00a0 All signed statements will be kept on file by us.<\/li><li>Dependiendo de cu\u00e1n sensible sea la informaci\u00f3n personal y el peligro de da\u00f1o por la eliminaci\u00f3n no autorizada, autenticaremos su identidad para las solicitudes de rectificaci\u00f3n o eliminaci\u00f3n de informaci\u00f3n personal con un grado de confianza razonable o alto. Al elegir el est\u00e1ndar correcto para usar, lo haremos de buena fe.<\/li><\/ul><\/li><\/ul><p>En respuesta a una solicitud de acceso o eliminaci\u00f3n de su informaci\u00f3n personal, le informaremos si no podemos verificar su identidad utilizando cualquier medio razonable, junto con una justificaci\u00f3n.<\/p><p>Es posible que le pidamos al agente autorizado que muestre la documentaci\u00f3n que le dio al agente una autorizaci\u00f3n firmada para enviar la solicitud si utiliza un agente autorizado para enviar una solicitud para conocer, eliminar o actualizar. Como requisito adicional, podr\u00edamos pedirle que (a) valide directamente su identificaci\u00f3n con nosotros o (b) afirme directamente que le dio permiso al agente autorizado para realizar la solicitud.\u00a0<\/p><p>No later than 45 calendar days after receiving a request, we shall reply to requests to know, remove, and\/or delete.\u00a0 We have the right to reject your request if we are unable to verify it within 45 days.\u00a0 If required, it could take us up to an extra 45 days to reply to your request, but in that case, we&#8217;ll give you a heads-up and explain why it might take us longer than 45 days.\u00a0<\/p><p>Informaci\u00f3n del contacto<\/p><p>If you have any questions or issues regarding our privacy policies and practices.\u00a0<\/p>\t\t\t\t\t\t\t\t<\/div>\n\t\t\t\t<\/div>\n\t\t\t\t\t<\/div>\n\t\t<\/div>\n\t\t\t\t\t<\/div>\n\t\t<\/section>\n\t\t\t\t<\/div>","protected":false},"excerpt":{"rendered":"<p>Privacy Policy Last update May, 10th, 2023 The use, disclosure, and processing of your personal information by HK GKK (&#8220;we,&#8221; or &#8220;us&#8221;) is explained in this privacy statement.\u00a0 By using our website and\/or applications in the future, you agree to the terms of this Privacy Statement.\u00a0 This Privacy Policy is subject to modification at any [&hellip;]<\/p>","protected":false},"author":3,"featured_media":0,"parent":0,"menu_order":0,"comment_status":"closed","ping_status":"closed","template":"","meta":{"footnotes":""},"class_list":["post-3","page","type-page","status-publish","hentry"],"_links":{"self":[{"href":"https:\/\/gkktrade.com\/es\/wp-json\/wp\/v2\/pages\/3","targetHints":{"allow":["GET"]}}],"collection":[{"href":"https:\/\/gkktrade.com\/es\/wp-json\/wp\/v2\/pages"}],"about":[{"href":"https:\/\/gkktrade.com\/es\/wp-json\/wp\/v2\/types\/page"}],"author":[{"embeddable":true,"href":"https:\/\/gkktrade.com\/es\/wp-json\/wp\/v2\/users\/3"}],"replies":[{"embeddable":true,"href":"https:\/\/gkktrade.com\/es\/wp-json\/wp\/v2\/comments?post=3"}],"version-history":[{"count":20,"href":"https:\/\/gkktrade.com\/es\/wp-json\/wp\/v2\/pages\/3\/revisions"}],"predecessor-version":[{"id":311,"href":"https:\/\/gkktrade.com\/es\/wp-json\/wp\/v2\/pages\/3\/revisions\/311"}],"wp:attachment":[{"href":"https:\/\/gkktrade.com\/es\/wp-json\/wp\/v2\/media?parent=3"}],"curies":[{"name":"wp","href":"https:\/\/api.w.org\/{rel}","templated":true}]}}