{"id":27,"date":"2023-05-24T02:00:41","date_gmt":"2023-05-24T02:00:41","guid":{"rendered":"https:\/\/gkktrade.com\/?page_id=27"},"modified":"2023-05-27T00:10:22","modified_gmt":"2023-05-27T00:10:22","slug":"trade-agent-for-export-and-import","status":"publish","type":"page","link":"https:\/\/gkktrade.com\/es\/agente-comercial-de-exportacion-e-importacion\/","title":{"rendered":"Agente Comercial de Exportaci\u00f3n e Importaci\u00f3n"},"content":{"rendered":"<div data-elementor-type=\"wp-page\" data-elementor-id=\"27\" class=\"elementor elementor-27\" data-elementor-post-type=\"page\">\n\t\t\t\t\t\t<section class=\"elementor-section elementor-top-section elementor-element elementor-element-01f6f46 elementor-section-boxed elementor-section-height-default elementor-section-height-default\" data-id=\"01f6f46\" data-element_type=\"section\">\n\t\t\t\t\t\t<div class=\"elementor-container elementor-column-gap-default\">\n\t\t\t\t\t<div class=\"elementor-column elementor-col-100 elementor-top-column elementor-element elementor-element-03a4956\" data-id=\"03a4956\" data-element_type=\"column\">\n\t\t\t<div class=\"elementor-widget-wrap elementor-element-populated\">\n\t\t\t\t\t\t<div class=\"elementor-element elementor-element-b9d39f0 elementor-widget elementor-widget-heading\" data-id=\"b9d39f0\" data-element_type=\"widget\" data-widget_type=\"heading.default\">\n\t\t\t\t<div class=\"elementor-widget-container\">\n\t\t\t\t\t<h1 class=\"elementor-heading-title elementor-size-default\">Agente Comercial de Exportaci\u00f3n e Importaci\u00f3n<\/h1>\t\t\t\t<\/div>\n\t\t\t\t<\/div>\n\t\t\t\t\t<\/div>\n\t\t<\/div>\n\t\t\t\t\t<\/div>\n\t\t<\/section>\n\t\t\t\t<section class=\"elementor-section elementor-top-section elementor-element elementor-element-3da5523 elementor-section-boxed elementor-section-height-default elementor-section-height-default\" data-id=\"3da5523\" data-element_type=\"section\" data-settings=\"{&quot;background_background&quot;:&quot;classic&quot;}\">\n\t\t\t\t\t\t<div class=\"elementor-container elementor-column-gap-default\">\n\t\t\t\t\t<div class=\"elementor-column elementor-col-50 elementor-top-column elementor-element elementor-element-4fef7b8\" data-id=\"4fef7b8\" data-element_type=\"column\">\n\t\t\t<div class=\"elementor-widget-wrap elementor-element-populated\">\n\t\t\t\t\t\t<div class=\"elementor-element elementor-element-33d4a4b elementor-widget elementor-widget-text-editor\" data-id=\"33d4a4b\" data-element_type=\"widget\" data-widget_type=\"text-editor.default\">\n\t\t\t\t<div class=\"elementor-widget-container\">\n\t\t\t\t\t\t\t\t\t<p>\u00bfCu\u00e1l es su primer paso al decidir importar un producto de China y qu\u00e9 t\u00e9cnicas utilizar\u00e1?<\/p><p>\u00a0 Existen formas limitadas de obtener informaci\u00f3n de contacto de fabricantes o mayoristas locales coreanos. La b\u00fasqueda directa en l\u00ednea y la red de apoyo comercial del gobierno pueden ser beneficiosas para su empresa. Nos gustar\u00eda enfatizar que tales formas no son incorrectas, pero puede haber una forma m\u00e1s efectiva y r\u00e1pida de aumentar sus posibilidades de \u00e9xito.<\/p>\t\t\t\t\t\t\t\t<\/div>\n\t\t\t\t<\/div>\n\t\t\t\t\t<\/div>\n\t\t<\/div>\n\t\t\t\t<div class=\"elementor-column elementor-col-50 elementor-top-column elementor-element elementor-element-9889c72\" data-id=\"9889c72\" data-element_type=\"column\">\n\t\t\t<div class=\"elementor-widget-wrap elementor-element-populated\">\n\t\t\t\t\t\t<div class=\"elementor-element elementor-element-cbc64dc elementor-widget elementor-widget-text-editor\" data-id=\"cbc64dc\" data-element_type=\"widget\" data-widget_type=\"text-editor.default\">\n\t\t\t\t<div class=\"elementor-widget-container\">\n\t\t\t\t\t\t\t\t\t<p>\u00a0 Nos hemos comprometido con varias empresas o negocios dentro del sector de distribuci\u00f3n nacional chino. Las excelentes habilidades de negociaci\u00f3n y un enfoque conversacional de los acuerdos de la empresa dar\u00e1n como resultado una mejor calidad y precio.<\/p><p><strong>Agentes Comerciales<\/strong> no solo debe buscar productos o negocios; tambi\u00e9n deben participar en los negocios de sus clientes y asumir responsabilidades de asociaci\u00f3n a lo largo de la existencia de su negocio. Nos gustar\u00eda se\u00f1alar que el socio que elija para su negocio tendr\u00e1 un impacto significativo en su \u00e9xito.<\/p>\t\t\t\t\t\t\t\t<\/div>\n\t\t\t\t<\/div>\n\t\t\t\t\t<\/div>\n\t\t<\/div>\n\t\t\t\t\t<\/div>\n\t\t<\/section>\n\t\t\t\t<section class=\"elementor-section elementor-top-section elementor-element elementor-element-d6f5f04 elementor-section-boxed elementor-section-height-default elementor-section-height-default\" data-id=\"d6f5f04\" data-element_type=\"section\">\n\t\t\t\t\t\t<div class=\"elementor-container elementor-column-gap-default\">\n\t\t\t\t\t<div class=\"elementor-column elementor-col-50 elementor-top-column elementor-element elementor-element-1bcd904\" data-id=\"1bcd904\" data-element_type=\"column\">\n\t\t\t<div class=\"elementor-widget-wrap elementor-element-populated\">\n\t\t\t\t\t\t<div class=\"elementor-element elementor-element-69eafcf elementor-widget elementor-widget-text-editor\" data-id=\"69eafcf\" data-element_type=\"widget\" data-widget_type=\"text-editor.default\">\n\t\t\t\t<div class=\"elementor-widget-container\">\n\t\t\t\t\t\t\t\t\t<p>Objetivo<\/p><ul><li>Un procedimiento comercial exitoso sin contrato, pago o riesgo de env\u00edo<\/li><li>Utilizando la legislaci\u00f3n comercial coreana, los impuestos y el trabajo documental, realice una transacci\u00f3n comercial segura.<\/li><li>Utilice su red interpersonal o experiencia en Corea para manejar un problema imprevisto.<\/li><li>Adquirir habilidades locales de negociaci\u00f3n y comunicaci\u00f3n.<\/li><\/ul>\t\t\t\t\t\t\t\t<\/div>\n\t\t\t\t<\/div>\n\t\t\t\t\t<\/div>\n\t\t<\/div>\n\t\t\t\t<div class=\"elementor-column elementor-col-50 elementor-top-column elementor-element elementor-element-f9e45bf\" data-id=\"f9e45bf\" data-element_type=\"column\">\n\t\t\t<div class=\"elementor-widget-wrap elementor-element-populated\">\n\t\t\t\t\t\t<div class=\"elementor-element elementor-element-e522810 elementor-widget elementor-widget-text-editor\" data-id=\"e522810\" data-element_type=\"widget\" data-widget_type=\"text-editor.default\">\n\t\t\t\t<div class=\"elementor-widget-container\">\n\t\t\t\t\t\t\t\t\t<p>Nuestro Servicio de Agencia de Exportaci\u00f3n\/Importaci\u00f3n<\/p><ul><li>M\u00e9todo de pago, formulario de factura, formulario de documento comercial<\/li><li>Comunicaci\u00f3n de apoyo al servicio<\/li><li>B\u00fasqueda por fabricante, distribuidor y art\u00edculo.<\/li><li>Gesti\u00f3n del vendedor y distribuidor. Por el presente contrato, A\/S<\/li><li>Apoyar la contrataci\u00f3n de personal para la conducci\u00f3n, exhibici\u00f3n y traducci\u00f3n.<\/li><li>Despacho aduanero para importaciones y exportaciones con impuestos y aranceles<\/li><li>Cambiar un nombre para importar o exportar<\/li><\/ul>\t\t\t\t\t\t\t\t<\/div>\n\t\t\t\t<\/div>\n\t\t\t\t\t<\/div>\n\t\t<\/div>\n\t\t\t\t\t<\/div>\n\t\t<\/section>\n\t\t\t\t<\/div>","protected":false},"excerpt":{"rendered":"<p>Trade Agent For Export and Import What is your first step when deciding to import a product from China, and which techniques will you use? \u00a0 There are limited ways to obtain contact information for Korean local manufacturers or wholesalers. Direct online searching and the government&#8217;s trade support network may be beneficial to your firm. [&hellip;]<\/p>","protected":false},"author":3,"featured_media":0,"parent":0,"menu_order":0,"comment_status":"closed","ping_status":"closed","template":"","meta":{"footnotes":""},"class_list":["post-27","page","type-page","status-publish","hentry"],"_links":{"self":[{"href":"https:\/\/gkktrade.com\/es\/wp-json\/wp\/v2\/pages\/27","targetHints":{"allow":["GET"]}}],"collection":[{"href":"https:\/\/gkktrade.com\/es\/wp-json\/wp\/v2\/pages"}],"about":[{"href":"https:\/\/gkktrade.com\/es\/wp-json\/wp\/v2\/types\/page"}],"author":[{"embeddable":true,"href":"https:\/\/gkktrade.com\/es\/wp-json\/wp\/v2\/users\/3"}],"replies":[{"embeddable":true,"href":"https:\/\/gkktrade.com\/es\/wp-json\/wp\/v2\/comments?post=27"}],"version-history":[{"count":7,"href":"https:\/\/gkktrade.com\/es\/wp-json\/wp\/v2\/pages\/27\/revisions"}],"predecessor-version":[{"id":278,"href":"https:\/\/gkktrade.com\/es\/wp-json\/wp\/v2\/pages\/27\/revisions\/278"}],"wp:attachment":[{"href":"https:\/\/gkktrade.com\/es\/wp-json\/wp\/v2\/media?parent=27"}],"curies":[{"name":"wp","href":"https:\/\/api.w.org\/{rel}","templated":true}]}}