{"id":23,"date":"2023-05-24T02:00:10","date_gmt":"2023-05-24T02:00:10","guid":{"rendered":"https:\/\/gkktrade.com\/?page_id=23"},"modified":"2023-05-27T00:05:01","modified_gmt":"2023-05-27T00:05:01","slug":"cargo-insurance","status":"publish","type":"page","link":"https:\/\/gkktrade.com\/es\/seguro-de-carga\/","title":{"rendered":"Seguro de Carga"},"content":{"rendered":"<div data-elementor-type=\"wp-page\" data-elementor-id=\"23\" class=\"elementor elementor-23\" data-elementor-post-type=\"page\">\n\t\t\t\t\t\t<section class=\"elementor-section elementor-top-section elementor-element elementor-element-6a8d7a0 elementor-section-boxed elementor-section-height-default elementor-section-height-default\" data-id=\"6a8d7a0\" data-element_type=\"section\">\n\t\t\t\t\t\t<div class=\"elementor-container elementor-column-gap-default\">\n\t\t\t\t\t<div class=\"elementor-column elementor-col-100 elementor-top-column elementor-element elementor-element-a023ae5\" data-id=\"a023ae5\" data-element_type=\"column\">\n\t\t\t<div class=\"elementor-widget-wrap elementor-element-populated\">\n\t\t\t\t\t\t<div class=\"elementor-element elementor-element-33d7c20 elementor-widget elementor-widget-heading\" data-id=\"33d7c20\" data-element_type=\"widget\" data-widget_type=\"heading.default\">\n\t\t\t\t<div class=\"elementor-widget-container\">\n\t\t\t\t\t<h1 class=\"elementor-heading-title elementor-size-default\">Seguro de Carga<\/h1>\t\t\t\t<\/div>\n\t\t\t\t<\/div>\n\t\t\t\t\t<\/div>\n\t\t<\/div>\n\t\t\t\t\t<\/div>\n\t\t<\/section>\n\t\t\t\t<section class=\"elementor-section elementor-top-section elementor-element elementor-element-4a243af elementor-section-boxed elementor-section-height-default elementor-section-height-default\" data-id=\"4a243af\" data-element_type=\"section\" data-settings=\"{&quot;background_background&quot;:&quot;classic&quot;}\">\n\t\t\t\t\t\t<div class=\"elementor-container elementor-column-gap-default\">\n\t\t\t\t\t<div class=\"elementor-column elementor-col-50 elementor-top-column elementor-element elementor-element-99ef7b3\" data-id=\"99ef7b3\" data-element_type=\"column\">\n\t\t\t<div class=\"elementor-widget-wrap elementor-element-populated\">\n\t\t\t\t\t\t<div class=\"elementor-element elementor-element-c491e6f elementor-widget elementor-widget-text-editor\" data-id=\"c491e6f\" data-element_type=\"widget\" data-widget_type=\"text-editor.default\">\n\t\t\t\t<div class=\"elementor-widget-container\">\n\t\t\t\t\t\t\t\t\t<p>La falta de gesti\u00f3n de riesgos y seguro de carga puede erosionar r\u00e1pidamente la rentabilidad y da\u00f1ar la reputaci\u00f3n de los peque\u00f1os y medianos transportistas. \u201cGame Over\u201d es un alto precio a pagar por ser tomado por sorpresa por un contratiempo inesperado en su cadena de suministro. El seguro de carga es un instrumento \u00fatil que se puede utilizar para ofrecer cierta seguridad financiera contra la p\u00e9rdida o da\u00f1o de la carga para abordar ese problema. Adem\u00e1s, reduce los problemas legales al establecer pautas claras para las obligaciones de pago entre compradores y vendedores en caso de da\u00f1os.<\/p>\t\t\t\t\t\t\t\t<\/div>\n\t\t\t\t<\/div>\n\t\t\t\t\t<\/div>\n\t\t<\/div>\n\t\t\t\t<div class=\"elementor-column elementor-col-50 elementor-top-column elementor-element elementor-element-a56c9da\" data-id=\"a56c9da\" data-element_type=\"column\">\n\t\t\t<div class=\"elementor-widget-wrap elementor-element-populated\">\n\t\t\t\t\t\t<div class=\"elementor-element elementor-element-38d2f61 elementor-widget elementor-widget-text-editor\" data-id=\"38d2f61\" data-element_type=\"widget\" data-widget_type=\"text-editor.default\">\n\t\t\t\t<div class=\"elementor-widget-container\">\n\t\t\t\t\t\t\t\t\t<p>El tipo de cobertura m\u00e1s completo disponible en el mercado para cargadores es un tipo de cobertura conocido como seguro \u201cTodo Riesgo\u00bb. Es una p\u00f3liza de seguro especialmente dise\u00f1ada para proteger los productos contra todos los riesgos de p\u00e9rdida o da\u00f1o f\u00edsico debido a cualquier fuente externa mientras se transportan a nivel nacional e internacional.<\/p>\t\t\t\t\t\t\t\t<\/div>\n\t\t\t\t<\/div>\n\t\t\t\t\t<\/div>\n\t\t<\/div>\n\t\t\t\t\t<\/div>\n\t\t<\/section>\n\t\t\t\t<section class=\"elementor-section elementor-top-section elementor-element elementor-element-1f2d790 elementor-section-boxed elementor-section-height-default elementor-section-height-default\" data-id=\"1f2d790\" data-element_type=\"section\">\n\t\t\t\t\t\t<div class=\"elementor-container elementor-column-gap-default\">\n\t\t\t\t\t<div class=\"elementor-column elementor-col-33 elementor-top-column elementor-element elementor-element-24a0b0b\" data-id=\"24a0b0b\" data-element_type=\"column\">\n\t\t\t<div class=\"elementor-widget-wrap\">\n\t\t\t\t\t\t\t<\/div>\n\t\t<\/div>\n\t\t\t\t<div class=\"elementor-column elementor-col-33 elementor-top-column elementor-element elementor-element-2e65573\" data-id=\"2e65573\" data-element_type=\"column\">\n\t\t\t<div class=\"elementor-widget-wrap elementor-element-populated\">\n\t\t\t\t\t\t<div class=\"elementor-element elementor-element-89039b1 elementor-widget elementor-widget-text-editor\" data-id=\"89039b1\" data-element_type=\"widget\" data-widget_type=\"text-editor.default\">\n\t\t\t\t<div class=\"elementor-widget-container\">\n\t\t\t\t\t\t\t\t\t<p><u>Cobertura y Ventajas<\/u><\/p><ul><li>Aver\u00eda Gruesa: La p\u00f3liza ofrece cobertura en caso de que el propietario de la embarcaci\u00f3n declare aver\u00eda gruesa.<\/li><li>Cobertura contra aver\u00edas mec\u00e1nicas l\u00edder en la industria para carga perecedera\/refrigerada: el seguro cubre p\u00e9rdidas o da\u00f1os causados por desarreglos, aver\u00edas o mal funcionamiento de la unidad refrigerada, y debe durar al menos 12 (el est\u00e1ndar de la industria es 24) horas continuas. Si la parte en posesi\u00f3n de los bienes fue negligente y se produjo la p\u00e9rdida o el da\u00f1o, se ofrece cobertura.<\/li><li>Se aplica a todas las formas de transporte utilizadas en la cadena de suministro mundial y proporciona un deducible cero para productos generales certificados.<\/li><li>Beneficios y Cobertura<\/li><li>Derechos de Importaci\u00f3n - La p\u00f3liza permite la inclusi\u00f3n de derechos pagados en la reclamaci\u00f3n si los art\u00edculos llegan da\u00f1ados al destino.<\/li><li>Se cubren los da\u00f1os causados por aduanas u otras entidades gubernamentales durante la inspecci\u00f3n de las mercanc\u00edas.<\/li><li>Pares\/Juegos: si un art\u00edculo en un par o juego se da\u00f1a, la cobertura para el juego o par tambi\u00e9n se extiende.<\/li><li>En el caso de un siniestro, la cobertura se ampl\u00eda para cubrir los Gastos de Expedici\u00f3n, lo que ayuda a acelerar el reemplazo o las reparaciones.<\/li><li>Disturbios civiles, disturbios y huelgas<\/li><li>Existen varias exclusiones, al igual que con cualquier p\u00f3liza de seguro, incluidas las de demoras, vicios inherentes, embalaje inadecuado y dolencias preexistentes.<\/li><\/ul>\t\t\t\t\t\t\t\t<\/div>\n\t\t\t\t<\/div>\n\t\t\t\t\t<\/div>\n\t\t<\/div>\n\t\t\t\t<div class=\"elementor-column elementor-col-33 elementor-top-column elementor-element elementor-element-07242df\" data-id=\"07242df\" data-element_type=\"column\">\n\t\t\t<div class=\"elementor-widget-wrap\">\n\t\t\t\t\t\t\t<\/div>\n\t\t<\/div>\n\t\t\t\t\t<\/div>\n\t\t<\/section>\n\t\t\t\t<\/div>","protected":false},"excerpt":{"rendered":"<p>Cargo Insurance Lack of risk management and cargo insurance may swiftly erode profitability and harm the reputations of small- to medium-sized shippers. &#8220;Game Over&#8221; is a steep price to pay for being caught off guard by an unanticipated hiccup in your supply chain. Cargo insurance is a helpful instrument that may be utilized to offer [&hellip;]<\/p>","protected":false},"author":3,"featured_media":0,"parent":0,"menu_order":0,"comment_status":"closed","ping_status":"closed","template":"","meta":{"footnotes":""},"class_list":["post-23","page","type-page","status-publish","hentry"],"_links":{"self":[{"href":"https:\/\/gkktrade.com\/es\/wp-json\/wp\/v2\/pages\/23","targetHints":{"allow":["GET"]}}],"collection":[{"href":"https:\/\/gkktrade.com\/es\/wp-json\/wp\/v2\/pages"}],"about":[{"href":"https:\/\/gkktrade.com\/es\/wp-json\/wp\/v2\/types\/page"}],"author":[{"embeddable":true,"href":"https:\/\/gkktrade.com\/es\/wp-json\/wp\/v2\/users\/3"}],"replies":[{"embeddable":true,"href":"https:\/\/gkktrade.com\/es\/wp-json\/wp\/v2\/comments?post=23"}],"version-history":[{"count":7,"href":"https:\/\/gkktrade.com\/es\/wp-json\/wp\/v2\/pages\/23\/revisions"}],"predecessor-version":[{"id":245,"href":"https:\/\/gkktrade.com\/es\/wp-json\/wp\/v2\/pages\/23\/revisions\/245"}],"wp:attachment":[{"href":"https:\/\/gkktrade.com\/es\/wp-json\/wp\/v2\/media?parent=23"}],"curies":[{"name":"wp","href":"https:\/\/api.w.org\/{rel}","templated":true}]}}