{"id":21,"date":"2023-05-24T01:59:46","date_gmt":"2023-05-24T01:59:46","guid":{"rendered":"https:\/\/gkktrade.com\/?page_id=21"},"modified":"2023-05-27T00:08:23","modified_gmt":"2023-05-27T00:08:23","slug":"managed-transportation","status":"publish","type":"page","link":"https:\/\/gkktrade.com\/es\/transporte-administrado\/","title":{"rendered":"Transporte Administrado"},"content":{"rendered":"<div data-elementor-type=\"wp-page\" data-elementor-id=\"21\" class=\"elementor elementor-21\" data-elementor-post-type=\"page\">\n\t\t\t\t\t\t<section class=\"elementor-section elementor-top-section elementor-element elementor-element-5307283 elementor-section-boxed elementor-section-height-default elementor-section-height-default\" data-id=\"5307283\" data-element_type=\"section\">\n\t\t\t\t\t\t<div class=\"elementor-container elementor-column-gap-default\">\n\t\t\t\t\t<div class=\"elementor-column elementor-col-100 elementor-top-column elementor-element elementor-element-5c46c22\" data-id=\"5c46c22\" data-element_type=\"column\">\n\t\t\t<div class=\"elementor-widget-wrap elementor-element-populated\">\n\t\t\t\t\t\t<div class=\"elementor-element elementor-element-2c6aefb elementor-widget elementor-widget-heading\" data-id=\"2c6aefb\" data-element_type=\"widget\" data-widget_type=\"heading.default\">\n\t\t\t\t<div class=\"elementor-widget-container\">\n\t\t\t\t\t<h1 class=\"elementor-heading-title elementor-size-default\">Transporte Administrado<\/h1>\t\t\t\t<\/div>\n\t\t\t\t<\/div>\n\t\t\t\t\t<\/div>\n\t\t<\/div>\n\t\t\t\t\t<\/div>\n\t\t<\/section>\n\t\t\t\t<section class=\"elementor-section elementor-top-section elementor-element elementor-element-97544cf elementor-section-boxed elementor-section-height-default elementor-section-height-default\" data-id=\"97544cf\" data-element_type=\"section\" data-settings=\"{&quot;background_background&quot;:&quot;classic&quot;}\">\n\t\t\t\t\t\t<div class=\"elementor-container elementor-column-gap-default\">\n\t\t\t\t\t<div class=\"elementor-column elementor-col-50 elementor-top-column elementor-element elementor-element-eab480e\" data-id=\"eab480e\" data-element_type=\"column\">\n\t\t\t<div class=\"elementor-widget-wrap elementor-element-populated\">\n\t\t\t\t\t\t<div class=\"elementor-element elementor-element-ab711cf elementor-widget elementor-widget-text-editor\" data-id=\"ab711cf\" data-element_type=\"widget\" data-widget_type=\"text-editor.default\">\n\t\t\t\t<div class=\"elementor-widget-container\">\n\t\t\t\t\t\t\t\t\t<p>Con la ayuda de los Servicios de Transporte Administrado (STA) de HK GKK, puede administrar de manera eficiente y efectiva los componentes de transporte cruciales de sus cadenas de suministro al tener acceso a la capacidad de carga y los servicios de la torre de control.<\/p>\t\t\t\t\t\t\t\t<\/div>\n\t\t\t\t<\/div>\n\t\t\t\t\t<\/div>\n\t\t<\/div>\n\t\t\t\t<div class=\"elementor-column elementor-col-50 elementor-top-column elementor-element elementor-element-920b75a\" data-id=\"920b75a\" data-element_type=\"column\">\n\t\t\t<div class=\"elementor-widget-wrap elementor-element-populated\">\n\t\t\t\t\t\t<div class=\"elementor-element elementor-element-6b69d6b elementor-widget elementor-widget-text-editor\" data-id=\"6b69d6b\" data-element_type=\"widget\" data-widget_type=\"text-editor.default\">\n\t\t\t\t<div class=\"elementor-widget-container\">\n\t\t\t\t\t\t\t\t\t<p>Puede obtener una estrategia de transporte integral de STA HK GKK, que consta de cuatro opciones de servicio gratuitas. Somos capaces de gestionar todas sus redes de transporte de extremo a extremo gracias en gran parte a las contribuciones de cada divisi\u00f3n.<\/p>\t\t\t\t\t\t\t\t<\/div>\n\t\t\t\t<\/div>\n\t\t\t\t\t<\/div>\n\t\t<\/div>\n\t\t\t\t\t<\/div>\n\t\t<\/section>\n\t\t\t\t<section class=\"elementor-section elementor-top-section elementor-element elementor-element-25c7a45 elementor-section-boxed elementor-section-height-default elementor-section-height-default\" data-id=\"25c7a45\" data-element_type=\"section\">\n\t\t\t\t\t\t<div class=\"elementor-container elementor-column-gap-default\">\n\t\t\t\t\t<div class=\"elementor-column elementor-col-50 elementor-top-column elementor-element elementor-element-6fee610\" data-id=\"6fee610\" data-element_type=\"column\">\n\t\t\t<div class=\"elementor-widget-wrap elementor-element-populated\">\n\t\t\t\t\t\t<div class=\"elementor-element elementor-element-844161e elementor-widget elementor-widget-text-editor\" data-id=\"844161e\" data-element_type=\"widget\" data-widget_type=\"text-editor.default\">\n\t\t\t\t<div class=\"elementor-widget-container\">\n\t\t\t\t\t\t\t\t\t<p>HK GKK puede asegurarse de que adquirimos, llevamos a cabo y evaluamos su programa de carga hasta los m\u00e1s altos niveles de rendimiento organizando estos procesos comerciales fundamentales.<\/p>\t\t\t\t\t\t\t\t<\/div>\n\t\t\t\t<\/div>\n\t\t\t\t\t<\/div>\n\t\t<\/div>\n\t\t\t\t<div class=\"elementor-column elementor-col-50 elementor-top-column elementor-element elementor-element-8ac9aa9\" data-id=\"8ac9aa9\" data-element_type=\"column\">\n\t\t\t<div class=\"elementor-widget-wrap elementor-element-populated\">\n\t\t\t\t\t\t<div class=\"elementor-element elementor-element-fcb6c0e elementor-widget elementor-widget-toggle\" data-id=\"fcb6c0e\" data-element_type=\"widget\" data-widget_type=\"toggle.default\">\n\t\t\t\t<div class=\"elementor-widget-container\">\n\t\t\t\t\t\t\t<div class=\"elementor-toggle\">\n\t\t\t\t\t\t\t<div class=\"elementor-toggle-item\">\n\t\t\t\t\t<div id=\"elementor-tab-title-2641\" class=\"elementor-tab-title\" data-tab=\"1\" role=\"button\" aria-controls=\"elementor-tab-content-2641\" aria-expanded=\"false\">\n\t\t\t\t\t\t\t\t\t\t\t\t<span class=\"elementor-toggle-icon elementor-toggle-icon-right\" aria-hidden=\"true\">\n\t\t\t\t\t\t\t\t\t\t\t\t\t\t\t<span class=\"elementor-toggle-icon-closed\"><i class=\"fas fa-caret-right\"><\/i><\/span>\n\t\t\t\t\t\t\t\t<span class=\"elementor-toggle-icon-opened\"><i class=\"elementor-toggle-icon-opened fas fa-caret-up\"><\/i><\/span>\n\t\t\t\t\t\t\t\t\t\t\t\t\t<\/span>\n\t\t\t\t\t\t\t\t\t\t\t\t<a class=\"elementor-toggle-title\" tabindex=\"0\">Adquisici\u00f3n de Fletes<\/a>\n\t\t\t\t\t<\/div>\n\n\t\t\t\t\t<div id=\"elementor-tab-content-2641\" class=\"elementor-tab-content elementor-clearfix\" data-tab=\"1\" role=\"region\" aria-labelledby=\"elementor-tab-title-2641\"><p>La adquisici\u00f3n de materiales es simplemente una parte de la log\u00edstica de adquisiciones. Esto tambi\u00e9n incluye el embalaje, la distribuci\u00f3n y el almacenamiento de los productos. HK GKK Managed Transportation ofrece pautas de abastecimiento y selecci\u00f3n, t\u00e9rminos y condiciones, cumplimiento, comunicaci\u00f3n y procedimientos de compra para ayudar a reducir el costo de adquisici\u00f3n de materiales tanto como sea posible.<\/p><p class=\"translation-block\">Como transportista, debe verificar que los transportistas ofrecen servicios de transporte fiables y, al mismo tiempo, mantienen bajos los costes de transporte. Le ayudamos en esta tarea encarg\u00e1ndonos de la gesti\u00f3n de transportistas, la gesti\u00f3n de licitaciones y la creaci\u00f3n y alojamiento de tarifas.<\/p><\/div>\n\t\t\t\t<\/div>\n\t\t\t\t\t\t\t<div class=\"elementor-toggle-item\">\n\t\t\t\t\t<div id=\"elementor-tab-title-2642\" class=\"elementor-tab-title\" data-tab=\"2\" role=\"button\" aria-controls=\"elementor-tab-content-2642\" aria-expanded=\"false\">\n\t\t\t\t\t\t\t\t\t\t\t\t<span class=\"elementor-toggle-icon elementor-toggle-icon-right\" aria-hidden=\"true\">\n\t\t\t\t\t\t\t\t\t\t\t\t\t\t\t<span class=\"elementor-toggle-icon-closed\"><i class=\"fas fa-caret-right\"><\/i><\/span>\n\t\t\t\t\t\t\t\t<span class=\"elementor-toggle-icon-opened\"><i class=\"elementor-toggle-icon-opened fas fa-caret-up\"><\/i><\/span>\n\t\t\t\t\t\t\t\t\t\t\t\t\t<\/span>\n\t\t\t\t\t\t\t\t\t\t\t\t<a class=\"elementor-toggle-title\" tabindex=\"0\">Transporte de Modelado<\/a>\n\t\t\t\t\t<\/div>\n\n\t\t\t\t\t<div id=\"elementor-tab-content-2642\" class=\"elementor-tab-content elementor-clearfix\" data-tab=\"2\" role=\"region\" aria-labelledby=\"elementor-tab-title-2642\"><p>Sus operaciones de transporte son evaluadas por el modelo de transporte, que tambi\u00e9n prioriza oportunidades e identifica \u00e1reas de mejora.<\/p><p>Entre los servicios ofrecidos y las situaciones abordadas se encuentran los procedimientos comerciales actuales, la evaluaci\u00f3n comparativa, la estrategia del operador, el uso del modo, la consolidaci\u00f3n, los costos y las tarifas, y las m\u00e9tricas del servicio.<\/p><p>Adem\u00e1s, ejecutamos escenarios hipot\u00e9ticos para cambiar proveedores, procesos de fabricaci\u00f3n, vol\u00famenes crecientes o reducidos, mejoras del servicio y otras restricciones relacionadas con el servicio. Con el fin de maximizar su presupuesto de transporte mientras ayudamos a que sus actividades alcancen su m\u00e1ximo potencial, desarrollamos una hoja de ruta.<\/p><p><strong>Gesti\u00f3n de transportistas<\/strong><\/p><p>Nuestro personal supervisa el cumplimiento de los acuerdos acordados y los KPI de nivel de servicio por parte de los transportistas. Es nuestra obligaci\u00f3n supervisar y mejorar continuamente los servicios de los transportistas durante la vigencia del acuerdo.<\/p><p>Servicios prestados<\/p><ul><li>Contrataci\u00f3n de transportistas<\/li><li>Incorporaci\u00f3n del transportista<\/li><li>Cumplimiento de las normas de seguridad y requisitos de licencia<\/li><li>Evaluaciones de desempe\u00f1o y negocios de los transportistas<\/li><li>Inteligencia de mercado y estrategias de compras<\/li><\/ul><p><strong>Gesti\u00f3n de ofertas de RFP<\/strong><\/p><p>HK GKK est\u00e1 a cargo de las negociaciones, la selecci\u00f3n y la gesti\u00f3n de eventos de licitaci\u00f3n de los transportistas. Podemos ser socios silenciosos en apoyo de sus ofertas contractuales, o podemos alojar y negociar las ofertas, brindando una l\u00ednea de base consistente para un valor estrat\u00e9gico adecuado.<\/p><p>Servicios prestados<\/p><ul><li>Preparaci\u00f3n y gesti\u00f3n de ofertas<\/li><li>Optimizaci\u00f3n de la base de transportistas<\/li><li>Negociaciones de tarifas coordinadas o un socio silencioso<\/li><li>Compras al contado<\/li><\/ul><p><strong>Creaci\u00f3n de Tarifas y Hosting.<\/strong><\/p><p>Servicios prestados<\/p><ul><li>Control de un solo sistema<\/li><li>Tablas de accesorios y combustible que son consistentes<\/li><li>Opciones para bases de transporte contratadas por el cliente o por HK GKK<\/li><li>Beneficios<\/li><li>Datos de referencia para la mejora continua<\/li><li>Asistencia de auditor\u00eda<\/li><li>Consistencia en acuerdos de corto, mediano y largo plazo<\/li><\/ul><\/div>\n\t\t\t\t<\/div>\n\t\t\t\t\t\t\t<div class=\"elementor-toggle-item\">\n\t\t\t\t\t<div id=\"elementor-tab-title-2643\" class=\"elementor-tab-title\" data-tab=\"3\" role=\"button\" aria-controls=\"elementor-tab-content-2643\" aria-expanded=\"false\">\n\t\t\t\t\t\t\t\t\t\t\t\t<span class=\"elementor-toggle-icon elementor-toggle-icon-right\" aria-hidden=\"true\">\n\t\t\t\t\t\t\t\t\t\t\t\t\t\t\t<span class=\"elementor-toggle-icon-closed\"><i class=\"fas fa-caret-right\"><\/i><\/span>\n\t\t\t\t\t\t\t\t<span class=\"elementor-toggle-icon-opened\"><i class=\"elementor-toggle-icon-opened fas fa-caret-up\"><\/i><\/span>\n\t\t\t\t\t\t\t\t\t\t\t\t\t<\/span>\n\t\t\t\t\t\t\t\t\t\t\t\t<a class=\"elementor-toggle-title\" tabindex=\"0\">Operaciones de la Torre de Control<\/a>\n\t\t\t\t\t<\/div>\n\n\t\t\t\t\t<div id=\"elementor-tab-content-2643\" class=\"elementor-tab-content elementor-clearfix\" data-tab=\"3\" role=\"region\" aria-labelledby=\"elementor-tab-title-2643\"><p>Usted merece un servicio de atenci\u00f3n al cliente r\u00e1pido y honesto, ya sea que realice un env\u00edo por carretera, aire, mar o tren.<\/p><p>Nuestra soluci\u00f3n de gesti\u00f3n de operaciones combina la experiencia, los recursos y la seguridad financiera de un importante proveedor de log\u00edstica global con una atenci\u00f3n individualizada y un \u00e9nfasis en generar ahorros de costos.<\/p><p><strong>Gesti\u00f3n de Pedidos<\/strong><\/p><p>Los pedidos EDI, los pedidos basados en la web y los pedidos manuales ingresados por usted o uno de nuestros agentes dedicados son administrados por HK GKK.<\/p><p>Servicios prestados para garantizar la calidad de los datos:<\/p><ul><li>Entrada de pedidos manualmente<\/li><li>Las \u00f3rdenes de compra, las \u00f3rdenes abiertas, las \u00f3rdenes de distribuci\u00f3n, las \u00f3rdenes de venta, los lanzamientos de SKU, etc. est\u00e1n todos integrados.<\/li><li>Correcci\u00f3n de errores y gesti\u00f3n de excepciones.<\/li><li>Actualizaci\u00f3n y procesamiento de revisiones<\/li><\/ul><p><strong>Planificaci\u00f3n del Transporte<\/strong><\/p><p>Para reducir los costos de transporte y satisfacer sus necesidades de servicio al cliente, HK GKK crea planes de carga.<\/p><p>Servicios prestados<\/p><ul><li>Enrutamiento, planificaci\u00f3n y optimizaci\u00f3n del transporte<\/li><li>Convertir las necesidades materiales del cliente en el mejor modo posible y el medio de transporte m\u00e1s econ\u00f3mico.<\/li><li>Re\u00fana los art\u00edculos para hacer la mejor carga para la entrega directa o a trav\u00e9s de una instalaci\u00f3n de distribuci\u00f3n.<\/li><li>Los per\u00edodos de consolidaci\u00f3n \u00f3ptimos y las entregas entrantes esperadas deben usarse para reservar previamente la capacidad del transportista.<\/li><li>Para los transportistas designados, controle los conjuntos de contenedores y remolques.<\/li><\/ul><p><strong>Ejecuci\u00f3n de Transporte<\/strong><\/p><p>Con el fin de reducir costos y elevar los niveles de servicio, HG GKK maneja el proceso de licitaci\u00f3n de cargas a proveedores activos y no activos.<\/p><p>Servicios prestados<\/p><ul><li>Ofrecer la carga a los transportistas designados; el proveedor de servicios debe ser imparcial o miembro de HK GKK<\/li><li>Controle el desempe\u00f1o del transportista, el cumplimiento de los plazos de entrega del servicio y el flujo de informaci\u00f3n.<\/li><li>Integre y supervise la gesti\u00f3n del archivo ISF, el procesamiento del conocimiento de embarque y la reserva del transportista.<\/li><\/ul><p><strong>Administraci\u00f3n de eventos<\/strong><\/p><p>Los empleados de la torre de control de HK GKK monitorean el movimiento f\u00edsico de la carga y manejan las excepciones en nombre de nuestros clientes.<\/p><p>Servicios prestados:<\/p><ul><li>Se detalla la visibilidad de datos con respecto a pieza\/SKU<\/li><li>Informaci\u00f3n sobre el estado del sistema de transporte<\/li><li>Actualizaciones sobre hitos y visibilidad de materiales en movimiento<\/li><li>Registre eventos importantes y realice un seguimiento de su puntualidad y correcci\u00f3n.<\/li><li>Notificaciones y mensajes configurables y autom\u00e1ticos<\/li><li>Recopilar y proporcionar datos de archivo de seguridad del importador (ISF)<\/li><\/ul><\/div>\n\t\t\t\t<\/div>\n\t\t\t\t\t\t\t<div class=\"elementor-toggle-item\">\n\t\t\t\t\t<div id=\"elementor-tab-title-2644\" class=\"elementor-tab-title\" data-tab=\"4\" role=\"button\" aria-controls=\"elementor-tab-content-2644\" aria-expanded=\"false\">\n\t\t\t\t\t\t\t\t\t\t\t\t<span class=\"elementor-toggle-icon elementor-toggle-icon-right\" aria-hidden=\"true\">\n\t\t\t\t\t\t\t\t\t\t\t\t\t\t\t<span class=\"elementor-toggle-icon-closed\"><i class=\"fas fa-caret-right\"><\/i><\/span>\n\t\t\t\t\t\t\t\t<span class=\"elementor-toggle-icon-opened\"><i class=\"elementor-toggle-icon-opened fas fa-caret-up\"><\/i><\/span>\n\t\t\t\t\t\t\t\t\t\t\t\t\t<\/span>\n\t\t\t\t\t\t\t\t\t\t\t\t<a class=\"elementor-toggle-title\" tabindex=\"0\">Informes Financieros<\/a>\n\t\t\t\t\t<\/div>\n\n\t\t\t\t\t<div id=\"elementor-tab-content-2644\" class=\"elementor-tab-content elementor-clearfix\" data-tab=\"4\" role=\"region\" aria-labelledby=\"elementor-tab-title-2644\"><p>HK GKK mantiene los datos relacionados con el comportamiento del cliente, proporciona informes de m\u00e9tricas de rendimiento clave y crea soluciones para ofrecer una mejora continua.<\/p><p><strong>Facturaci\u00f3n<\/strong><\/p><p>Servicios prestados:<\/p><ul><li>Procesamiento y auditor\u00eda eficientes frente a tarifas y precios establecidos<\/li><li>Sitio en l\u00ednea del transportista para la presentaci\u00f3n y seguimiento de facturas<\/li><li>Calcular y reportar las acumulaciones de gastos<\/li><li>Pago financiero con transportistas de acuerdo con las condiciones del contrato<\/li><li>Asignaciones de costos contables en gran detalle (nivel GL)<\/li><\/ul><p>\u00a0<\/p><p><strong>Informes financieros y auditor\u00eda de facturas de flete<\/strong><\/p><p>HK GKK puede aceptar facturas de transportistas en papel y electr\u00f3nicas, cotejarlas con las tarifas acordadas y tarifas accesorias, compararlas con una carga abierta, registrarlas y pagar a los transportistas de acuerdo con los acuerdos.<\/p><p>Servicios prestados:<\/p><ul><li>Maximizar el valor de los datos a trav\u00e9s del an\u00e1lisis<\/li><li>Administrar activamente el sistema de calificaci\u00f3n de carga.<\/li><li>Ojo con las condiciones de pago<\/li><\/ul><\/div>\n\t\t\t\t<\/div>\n\t\t\t\t\t\t\t\t<\/div>\n\t\t\t\t\t\t<\/div>\n\t\t\t\t<\/div>\n\t\t\t\t\t<\/div>\n\t\t<\/div>\n\t\t\t\t\t<\/div>\n\t\t<\/section>\n\t\t\t\t<\/div>","protected":false},"excerpt":{"rendered":"<p>Managed Transportation With the help of HK GKK&#8217;s Managed Transportation Services (MTS), you can efficiently and effectively manage the crucial transportation components of your supply chains by having access to freight capacity and control tower services. You may get a comprehensive transportation strategy from HK GKK MTS, which comprises four gratis service options. We can [&hellip;]<\/p>","protected":false},"author":3,"featured_media":0,"parent":0,"menu_order":0,"comment_status":"closed","ping_status":"closed","template":"","meta":{"footnotes":""},"class_list":["post-21","page","type-page","status-publish","hentry"],"_links":{"self":[{"href":"https:\/\/gkktrade.com\/es\/wp-json\/wp\/v2\/pages\/21","targetHints":{"allow":["GET"]}}],"collection":[{"href":"https:\/\/gkktrade.com\/es\/wp-json\/wp\/v2\/pages"}],"about":[{"href":"https:\/\/gkktrade.com\/es\/wp-json\/wp\/v2\/types\/page"}],"author":[{"embeddable":true,"href":"https:\/\/gkktrade.com\/es\/wp-json\/wp\/v2\/users\/3"}],"replies":[{"embeddable":true,"href":"https:\/\/gkktrade.com\/es\/wp-json\/wp\/v2\/comments?post=21"}],"version-history":[{"count":7,"href":"https:\/\/gkktrade.com\/es\/wp-json\/wp\/v2\/pages\/21\/revisions"}],"predecessor-version":[{"id":263,"href":"https:\/\/gkktrade.com\/es\/wp-json\/wp\/v2\/pages\/21\/revisions\/263"}],"wp:attachment":[{"href":"https:\/\/gkktrade.com\/es\/wp-json\/wp\/v2\/media?parent=21"}],"curies":[{"name":"wp","href":"https:\/\/api.w.org\/{rel}","templated":true}]}}