{"id":17,"date":"2023-05-24T01:59:20","date_gmt":"2023-05-24T01:59:20","guid":{"rendered":"https:\/\/gkktrade.com\/?page_id=17"},"modified":"2023-05-24T13:29:52","modified_gmt":"2023-05-24T13:29:52","slug":"land-transportation","status":"publish","type":"page","link":"https:\/\/gkktrade.com\/es\/transporte-terrestre\/","title":{"rendered":"Transporte Terrestre"},"content":{"rendered":"<div data-elementor-type=\"wp-page\" data-elementor-id=\"17\" class=\"elementor elementor-17\" data-elementor-post-type=\"page\">\n\t\t\t\t\t\t<section class=\"elementor-section elementor-top-section elementor-element elementor-element-af099bd elementor-section-boxed elementor-section-height-default elementor-section-height-default\" data-id=\"af099bd\" data-element_type=\"section\">\n\t\t\t\t\t\t<div class=\"elementor-container elementor-column-gap-default\">\n\t\t\t\t\t<div class=\"elementor-column elementor-col-100 elementor-top-column elementor-element elementor-element-17e5ade\" data-id=\"17e5ade\" data-element_type=\"column\">\n\t\t\t<div class=\"elementor-widget-wrap elementor-element-populated\">\n\t\t\t\t\t\t<div class=\"elementor-element elementor-element-52060ad elementor-widget elementor-widget-heading\" data-id=\"52060ad\" data-element_type=\"widget\" data-widget_type=\"heading.default\">\n\t\t\t\t<div class=\"elementor-widget-container\">\n\t\t\t\t\t<h2 class=\"elementor-heading-title elementor-size-default\">Transporte Terrestre<\/h2>\t\t\t\t<\/div>\n\t\t\t\t<\/div>\n\t\t\t\t\t<\/div>\n\t\t<\/div>\n\t\t\t\t\t<\/div>\n\t\t<\/section>\n\t\t\t\t<section class=\"elementor-section elementor-top-section elementor-element elementor-element-26ec8f2 elementor-section-boxed elementor-section-height-default elementor-section-height-default\" data-id=\"26ec8f2\" data-element_type=\"section\">\n\t\t\t\t\t\t<div class=\"elementor-container elementor-column-gap-default\">\n\t\t\t\t\t<div class=\"elementor-column elementor-col-50 elementor-top-column elementor-element elementor-element-507aae3\" data-id=\"507aae3\" data-element_type=\"column\">\n\t\t\t<div class=\"elementor-widget-wrap elementor-element-populated\">\n\t\t\t\t\t\t<div class=\"elementor-element elementor-element-b8504a3 elementor-widget elementor-widget-text-editor\" data-id=\"b8504a3\" data-element_type=\"widget\" data-widget_type=\"text-editor.default\">\n\t\t\t\t<div class=\"elementor-widget-container\">\n\t\t\t\t\t\t\t\t\t<p>Los servicios de transporte multimodal intercontinental y de distribuci\u00f3n mundial est\u00e1n disponibles.<\/p><p>Con el fin de garantizar la completa satisfacci\u00f3n del cliente, HK GKK  Transportaci\u00f3n Terrestre por se especializa en brindar servicios de valor agregado, guante blanco y tiempo definido. Nos referimos a estos servicios como TransHK, junto con los env\u00edos nacionales por aire, mar y ferrocarril.<\/p>\t\t\t\t\t\t\t\t<\/div>\n\t\t\t\t<\/div>\n\t\t\t\t\t<\/div>\n\t\t<\/div>\n\t\t\t\t<div class=\"elementor-column elementor-col-50 elementor-top-column elementor-element elementor-element-ce9ac2f\" data-id=\"ce9ac2f\" data-element_type=\"column\">\n\t\t\t<div class=\"elementor-widget-wrap elementor-element-populated\">\n\t\t\t\t\t\t<div class=\"elementor-element elementor-element-734e17d elementor-widget elementor-widget-toggle\" data-id=\"734e17d\" data-element_type=\"widget\" data-widget_type=\"toggle.default\">\n\t\t\t\t<div class=\"elementor-widget-container\">\n\t\t\t\t\t\t\t<div class=\"elementor-toggle\">\n\t\t\t\t\t\t\t<div class=\"elementor-toggle-item\">\n\t\t\t\t\t<div id=\"elementor-tab-title-1201\" class=\"elementor-tab-title\" data-tab=\"1\" role=\"button\" aria-controls=\"elementor-tab-content-1201\" aria-expanded=\"false\">\n\t\t\t\t\t\t\t\t\t\t\t\t<span class=\"elementor-toggle-icon elementor-toggle-icon-right\" aria-hidden=\"true\">\n\t\t\t\t\t\t\t\t\t\t\t\t\t\t\t<span class=\"elementor-toggle-icon-closed\"><i class=\"fas fa-caret-right\"><\/i><\/span>\n\t\t\t\t\t\t\t\t<span class=\"elementor-toggle-icon-opened\"><i class=\"elementor-toggle-icon-opened fas fa-caret-up\"><\/i><\/span>\n\t\t\t\t\t\t\t\t\t\t\t\t\t<\/span>\n\t\t\t\t\t\t\t\t\t\t\t\t<a class=\"elementor-toggle-title\" tabindex=\"0\">Transporte Terrestre: Intermodal por Cami\u00f3n, Ferrocarril y Acarreo<\/a>\n\t\t\t\t\t<\/div>\n\n\t\t\t\t\t<div id=\"elementor-tab-content-1201\" class=\"elementor-tab-content elementor-clearfix\" data-tab=\"1\" role=\"region\" aria-labelledby=\"elementor-tab-title-1201\"><p>Para el transporte de contenedores eficiente y asequible en toda China, HK GKK ofrece servicios intermodales de camiones, trenes y acarreo. Los clientes tienen acceso a todas las rampas ferroviarias importantes debido a las conexiones de HK GKK con los ferrocarriles de Clase I.<\/p><p>Los clientes reciben soluciones completas de la cadena de suministro a precios incre\u00edblemente bajos cuando se combinan con los servicios transatl\u00e1nticos bien establecidos de la compa\u00f1\u00eda.<\/p><p>Nuestras conexiones con los ferrocarriles Clase 1 permiten una f\u00e1cil interacci\u00f3n con varios m\u00e9todos de transporte terrestre. Los principales fabricantes conf\u00edan en HK GKK para que les proporcione soluciones de fuente \u00fanica y alternativas multimodales tanto dentro de China como m\u00e1s all\u00e1 de las fronteras de Asia.<\/p><p>Nuestras opciones de env\u00edo son tan fant\u00e1sticas como vers\u00e1tiles. A trav\u00e9s de todas las terminales de despacho, nuestra marca particular de camiones de recorrido corto distribuye los altos est\u00e1ndares de HK GKK en todo el pa\u00eds.<\/p><\/div>\n\t\t\t\t<\/div>\n\t\t\t\t\t\t\t<div class=\"elementor-toggle-item\">\n\t\t\t\t\t<div id=\"elementor-tab-title-1202\" class=\"elementor-tab-title\" data-tab=\"2\" role=\"button\" aria-controls=\"elementor-tab-content-1202\" aria-expanded=\"false\">\n\t\t\t\t\t\t\t\t\t\t\t\t<span class=\"elementor-toggle-icon elementor-toggle-icon-right\" aria-hidden=\"true\">\n\t\t\t\t\t\t\t\t\t\t\t\t\t\t\t<span class=\"elementor-toggle-icon-closed\"><i class=\"fas fa-caret-right\"><\/i><\/span>\n\t\t\t\t\t\t\t\t<span class=\"elementor-toggle-icon-opened\"><i class=\"elementor-toggle-icon-opened fas fa-caret-up\"><\/i><\/span>\n\t\t\t\t\t\t\t\t\t\t\t\t\t<\/span>\n\t\t\t\t\t\t\t\t\t\t\t\t<a class=\"elementor-toggle-title\" tabindex=\"0\">Transporte Terrestre: Gesti\u00f3n de Carga Parcial (LTL)<\/a>\n\t\t\t\t\t<\/div>\n\n\t\t\t\t\t<div id=\"elementor-tab-content-1202\" class=\"elementor-tab-content elementor-clearfix\" data-tab=\"2\" role=\"region\" aria-labelledby=\"elementor-tab-title-1202\"><p>Puede aprovechar los costos de flete LTL en tiempo real con nuestro sofisticado sistema de administraci\u00f3n de transporte mientras conserva el control o la gobernanza organizacional al limitar las opciones del usuario a las reducciones de costos previstas.<\/p><p>Combinamos sus cargas con el transportista LTL menos costoso que a\u00fan puede cumplir con sus acuerdos de nivel de servicio, y podemos combinar muchos env\u00edos de paquetes peque\u00f1os y LTL en una sola carga para ahorrar a\u00fan m\u00e1s costos sin comprometer la calidad de la entrega.<\/p><p>Trajimos todo para usted en un solo lugar y \u00e9ramos expertos en servicio de cama plana, seco, refrigerado, acelerado y garantizado.<\/p><ul><li>Organice, mapea y optimice el transporte.<\/li><li>Transformar las necesidades materiales del cliente en el mejor medio de transporte posible, al menor costo posible.<\/li><li>Re\u00fana los suministros para garantizar la mejor carga posible tanto para la entrega directa como para el transporte a un centro de distribuci\u00f3n.<\/li><li>Controla el grupo de remolques.<\/li><li>Integraci\u00f3n de un peque\u00f1o paquete.<\/li><li>Portal de clientes.<\/li><\/ul><\/div>\n\t\t\t\t<\/div>\n\t\t\t\t\t\t\t<div class=\"elementor-toggle-item\">\n\t\t\t\t\t<div id=\"elementor-tab-title-1203\" class=\"elementor-tab-title\" data-tab=\"3\" role=\"button\" aria-controls=\"elementor-tab-content-1203\" aria-expanded=\"false\">\n\t\t\t\t\t\t\t\t\t\t\t\t<span class=\"elementor-toggle-icon elementor-toggle-icon-right\" aria-hidden=\"true\">\n\t\t\t\t\t\t\t\t\t\t\t\t\t\t\t<span class=\"elementor-toggle-icon-closed\"><i class=\"fas fa-caret-right\"><\/i><\/span>\n\t\t\t\t\t\t\t\t<span class=\"elementor-toggle-icon-opened\"><i class=\"elementor-toggle-icon-opened fas fa-caret-up\"><\/i><\/span>\n\t\t\t\t\t\t\t\t\t\t\t\t\t<\/span>\n\t\t\t\t\t\t\t\t\t\t\t\t<a class=\"elementor-toggle-title\" tabindex=\"0\">Transporte Terrestre: Transporte de Activos y Transporte Dedicado<\/a>\n\t\t\t\t\t<\/div>\n\n\t\t\t\t\t<div id=\"elementor-tab-content-1203\" class=\"elementor-tab-content elementor-clearfix\" data-tab=\"3\" role=\"region\" aria-labelledby=\"elementor-tab-title-1203\"><p>Durante muchos a\u00f1os, los cargadores han confiado en el transporte HK GKK y en  una subsidiaria de transporte de activos de HK GKK.<\/p><p>Desde el principio, cuando apoyamos a los clientes multimodales de HK GKK, hasta el presente, cuando ofrecemos soluciones completas de activos dedicados en toda China, siempre nos ha complacido nuestra capacidad confiable y nuestro servicio de primer nivel. Los clientes pueden concentrarse en su negocio principal sabiendo que sus necesidades de transporte se est\u00e1n manejando de manera segura, competente y efectiva.<\/p><p><u>Camiones Exclusivos<\/u><\/p><p>Nuestras flotas especializadas brindan los m\u00e1s altos niveles de transparencia y visibilidad. Brindamos a los clientes comprometidos contractualmente soluciones ingeniosas a sus casos particulares, brind\u00e1ndoles opciones que le permitan flexibilidad y manejo de costos y expandirse con su empresa en el tiempo. Realizamos inversiones en equipos para garantizar la entrega oportuna y segura de su carga.<\/p><p><u>Activo de Camiones<\/u><\/p><p>En las rutas de carga pesada en los Estados Unidos, nuestra completa flota de camiones basada en activos de m\u00e1s de 500 conductores y remolques de varios tama\u00f1os funciona, brind\u00e1ndole alternativas confiables para soluciones econ\u00f3micas basadas en activos.<\/p><p><u>Arrastre Nacional e Intermodal<\/u><\/p><p>Nuestra flota basada en activos proporciona tecnolog\u00eda de extremo a los principales puertos y cabezas de tren estadounidenses para aumentar la seguridad, la protecci\u00f3n y la visibilidad de la carga.<\/p><\/div>\n\t\t\t\t<\/div>\n\t\t\t\t\t\t\t<div class=\"elementor-toggle-item\">\n\t\t\t\t\t<div id=\"elementor-tab-title-1204\" class=\"elementor-tab-title\" data-tab=\"4\" role=\"button\" aria-controls=\"elementor-tab-content-1204\" aria-expanded=\"false\">\n\t\t\t\t\t\t\t\t\t\t\t\t<span class=\"elementor-toggle-icon elementor-toggle-icon-right\" aria-hidden=\"true\">\n\t\t\t\t\t\t\t\t\t\t\t\t\t\t\t<span class=\"elementor-toggle-icon-closed\"><i class=\"fas fa-caret-right\"><\/i><\/span>\n\t\t\t\t\t\t\t\t<span class=\"elementor-toggle-icon-opened\"><i class=\"elementor-toggle-icon-opened fas fa-caret-up\"><\/i><\/span>\n\t\t\t\t\t\t\t\t\t\t\t\t\t<\/span>\n\t\t\t\t\t\t\t\t\t\t\t\t<a class=\"elementor-toggle-title\" tabindex=\"0\">Transporte Terrestre \u2013 Cami\u00f3n Cargado (FTL)<\/a>\n\t\t\t\t\t<\/div>\n\n\t\t\t\t\t<div id=\"elementor-tab-content-1204\" class=\"elementor-tab-content elementor-clearfix\" data-tab=\"4\" role=\"region\" aria-labelledby=\"elementor-tab-title-1204\"><p>Para dise\u00f1ar su estrategia de transporte perfecta, HK GKK Log\u00edstica ofrece la capacidad de carga y el conocimiento necesarios. Con el fin de servir a los clientes, combinamos nuestros propios recursos de transporte con una red nacional de m\u00e1s de 15.000 transportistas contratados y m\u00e1s de 1.000 remolques de 53 pies.<\/p><p>Nuestros m\u00e1s de 100 despachadores combinan meticulosamente su carga con el servicio y el equipo adecuados para brindar un excelente rendimiento a tiempo.<\/p><p><u>Contenedor<\/u><\/p><p>HK GKK es su proveedor, ya sea que necesite soluciones de ca\u00edda o soluciones de descarga din\u00e1mica. Solo carga y energ\u00eda de alto valor aprobada por camiones cisterna\/materiales peligrosos de larga y corta distancia.<\/p><p><u>Refrigerado y con temperatura controlada<\/u><\/p><p>Electricidad contin\u00faa para evitar que su red se congele. Entre los bienes que transportamos se encuentran frutas y verduras, aves, comidas congeladas y flores.<\/p><p><u>Cubierta descubierta\/abierta<\/u><\/p><p>Se utiliza para el transporte de contenedores, carga paletizada y material rodante sin necesidad de un veh\u00edculo cerrado. Low-boy, hot shot, step decks, cuello de ganso extra\u00edble (RGN), flat racks y equipos de varios ejes est\u00e1n disponibles en una variedad de tama\u00f1os.<\/p><p><u>Transporte Pesado\/Sobredimensionado Especializado<\/u><\/p><p>El n\u00famero de ejes en un remolque puede variar de uno a quince.HK GKK puede organizar cualquier escolta o permiso necesario para transportar su gran carga de forma segura. Trabajamos con una variedad de sectores, incluidos el militar, el petr\u00f3leo y el gas, el acero, los tubos y los equipos agr\u00edcolas. Podemos gestionar un \u00fanico env\u00edo o puesta en marcha de un proyecto.<\/p><p><u>Expedito\/Equipos<\/u><\/p><p>Los conductores duales y el servicio de retransmisi\u00f3n se utilizan para ofrecer un servicio acelerado para la carga que debe entregarse m\u00e1s r\u00e1pido de lo habitual o en una fecha y hora determinadas.<\/p><p><u>Crossdock<\/u><\/p><p>Al cruzar o trans-cargar su carga en una de nuestras terminales en todo el pa\u00eds, puede reducir sus gastos de ida y vuelta y el tiempo de giro.<\/p><\/div>\n\t\t\t\t<\/div>\n\t\t\t\t\t\t\t<div class=\"elementor-toggle-item\">\n\t\t\t\t\t<div id=\"elementor-tab-title-1205\" class=\"elementor-tab-title\" data-tab=\"5\" role=\"button\" aria-controls=\"elementor-tab-content-1205\" aria-expanded=\"false\">\n\t\t\t\t\t\t\t\t\t\t\t\t<span class=\"elementor-toggle-icon elementor-toggle-icon-right\" aria-hidden=\"true\">\n\t\t\t\t\t\t\t\t\t\t\t\t\t\t\t<span class=\"elementor-toggle-icon-closed\"><i class=\"fas fa-caret-right\"><\/i><\/span>\n\t\t\t\t\t\t\t\t<span class=\"elementor-toggle-icon-opened\"><i class=\"elementor-toggle-icon-opened fas fa-caret-up\"><\/i><\/span>\n\t\t\t\t\t\t\t\t\t\t\t\t\t<\/span>\n\t\t\t\t\t\t\t\t\t\t\t\t<a class=\"elementor-toggle-title\" tabindex=\"0\">Env\u00edo de Veh\u00edculos<\/a>\n\t\t\t\t\t<\/div>\n\n\t\t\t\t\t<div id=\"elementor-tab-content-1205\" class=\"elementor-tab-content elementor-clearfix\" data-tab=\"5\" role=\"region\" aria-labelledby=\"elementor-tab-title-1205\"><p>Su autom\u00f3vil se transporta en un garaje a prueba de agua que no tiene igual en la industria. Su autom\u00f3vil no ser\u00e1 levantado ni transportado en contenedores gracias a los barcos roll-on roll-off (RO\/RO) de HK GKK que viajan entre China y toda Asia.<\/p><p>Est\u00e1 protegido de la intemperie y de cualquier manipulaci\u00f3n f\u00edsica. Si su autom\u00f3vil es demasiado grande, simplemente podemos transportarlo como carga fraccionada para que pueda viajar en cubierta de forma segura. No tendr\u00e1 que esperar gracias a nuestro equipo actualizado y al efectivo sistema operativo de la terminal, que garantiza que su autom\u00f3vil s\u00e9 cargue y descargue de manera oportuna.<\/p><p>Nuestros expertos representantes de atenci\u00f3n al cliente son los compa\u00f1eros de viaje ideales, lo ayudan con su papeleo y le brindan actualizaciones constantes sobre el paradero de su autom\u00f3vil.<\/p><p>En la entrega y recogida, nuestros representantes est\u00e1n all\u00ed para examinar su autom\u00f3vil con usted y asegurarse de que est\u00e9 satisfecho. Adem\u00e1s, podemos llevarle su autom\u00f3vil si es lo que necesita.<\/p><\/div>\n\t\t\t\t<\/div>\n\t\t\t\t\t\t\t\t<\/div>\n\t\t\t\t\t\t<\/div>\n\t\t\t\t<\/div>\n\t\t\t\t\t<\/div>\n\t\t<\/div>\n\t\t\t\t\t<\/div>\n\t\t<\/section>\n\t\t\t\t<\/div>","protected":false},"excerpt":{"rendered":"<p>Land Transportation Worldwide distribution, domestic, and intracontinental multimodal transportation services are available. To guarantee complete client satisfaction, HK GKK Ground Transportation specializes in providing value-added, white-glove, and time-definite services. We refer to these services as TransHK, together with domestic air, ocean, and rail shipments. Land Transportation \u2013 Intermodal Truck, Rail, and Drayage For efficient and [&hellip;]<\/p>","protected":false},"author":3,"featured_media":0,"parent":0,"menu_order":0,"comment_status":"closed","ping_status":"closed","template":"","meta":{"footnotes":""},"class_list":["post-17","page","type-page","status-publish","hentry"],"_links":{"self":[{"href":"https:\/\/gkktrade.com\/es\/wp-json\/wp\/v2\/pages\/17","targetHints":{"allow":["GET"]}}],"collection":[{"href":"https:\/\/gkktrade.com\/es\/wp-json\/wp\/v2\/pages"}],"about":[{"href":"https:\/\/gkktrade.com\/es\/wp-json\/wp\/v2\/types\/page"}],"author":[{"embeddable":true,"href":"https:\/\/gkktrade.com\/es\/wp-json\/wp\/v2\/users\/3"}],"replies":[{"embeddable":true,"href":"https:\/\/gkktrade.com\/es\/wp-json\/wp\/v2\/comments?post=17"}],"version-history":[{"count":4,"href":"https:\/\/gkktrade.com\/es\/wp-json\/wp\/v2\/pages\/17\/revisions"}],"predecessor-version":[{"id":161,"href":"https:\/\/gkktrade.com\/es\/wp-json\/wp\/v2\/pages\/17\/revisions\/161"}],"wp:attachment":[{"href":"https:\/\/gkktrade.com\/es\/wp-json\/wp\/v2\/media?parent=17"}],"curies":[{"name":"wp","href":"https:\/\/api.w.org\/{rel}","templated":true}]}}