{"id":15,"date":"2023-05-24T01:59:06","date_gmt":"2023-05-24T01:59:06","guid":{"rendered":"https:\/\/gkktrade.com\/?page_id=15"},"modified":"2023-05-27T00:04:46","modified_gmt":"2023-05-27T00:04:46","slug":"air-freight","status":"publish","type":"page","link":"https:\/\/gkktrade.com\/es\/flete-aereo\/","title":{"rendered":"Flete A\u00e9reo"},"content":{"rendered":"<div data-elementor-type=\"wp-page\" data-elementor-id=\"15\" class=\"elementor elementor-15\" data-elementor-post-type=\"page\">\n\t\t\t\t\t\t<section class=\"elementor-section elementor-top-section elementor-element elementor-element-cf0146d elementor-section-boxed elementor-section-height-default elementor-section-height-default\" data-id=\"cf0146d\" data-element_type=\"section\">\n\t\t\t\t\t\t<div class=\"elementor-container elementor-column-gap-default\">\n\t\t\t\t\t<div class=\"elementor-column elementor-col-100 elementor-top-column elementor-element elementor-element-f77a184\" data-id=\"f77a184\" data-element_type=\"column\">\n\t\t\t<div class=\"elementor-widget-wrap elementor-element-populated\">\n\t\t\t\t\t\t<div class=\"elementor-element elementor-element-90a20d1 elementor-widget elementor-widget-heading\" data-id=\"90a20d1\" data-element_type=\"widget\" data-widget_type=\"heading.default\">\n\t\t\t\t<div class=\"elementor-widget-container\">\n\t\t\t\t\t<h1 class=\"elementor-heading-title elementor-size-default\">Flete A\u00e9reo<\/h1>\t\t\t\t<\/div>\n\t\t\t\t<\/div>\n\t\t\t\t\t<\/div>\n\t\t<\/div>\n\t\t\t\t\t<\/div>\n\t\t<\/section>\n\t\t\t\t<section class=\"elementor-section elementor-top-section elementor-element elementor-element-4e48ab5 elementor-section-boxed elementor-section-height-default elementor-section-height-default\" data-id=\"4e48ab5\" data-element_type=\"section\" data-settings=\"{&quot;background_background&quot;:&quot;classic&quot;}\">\n\t\t\t\t\t\t<div class=\"elementor-container elementor-column-gap-default\">\n\t\t\t\t\t<div class=\"elementor-column elementor-col-50 elementor-top-column elementor-element elementor-element-cbdcb84\" data-id=\"cbdcb84\" data-element_type=\"column\">\n\t\t\t<div class=\"elementor-widget-wrap elementor-element-populated\">\n\t\t\t\t\t\t<div class=\"elementor-element elementor-element-35defa8 elementor-widget elementor-widget-text-editor\" data-id=\"35defa8\" data-element_type=\"widget\" data-widget_type=\"text-editor.default\">\n\t\t\t\t<div class=\"elementor-widget-container\">\n\t\t\t\t\t\t\t\t\t<p>Nuestros profesionales se concentran en brindar soluciones confiables y regulares de carga a\u00e9rea mientras son proactivos en su comunicaci\u00f3n en cada etapa del procedimiento. Tenemos acceso preferencial a la capacidad de aeronaves en todo el mundo, lo que nos permite adaptar las soluciones de la cadena de suministro al mejor precio, rutas y tiempos de entrega.<\/p>\t\t\t\t\t\t\t\t<\/div>\n\t\t\t\t<\/div>\n\t\t\t\t\t<\/div>\n\t\t<\/div>\n\t\t\t\t<div class=\"elementor-column elementor-col-50 elementor-top-column elementor-element elementor-element-c80180b\" data-id=\"c80180b\" data-element_type=\"column\">\n\t\t\t<div class=\"elementor-widget-wrap elementor-element-populated\">\n\t\t\t\t\t\t<div class=\"elementor-element elementor-element-cddcbe5 elementor-widget elementor-widget-text-editor\" data-id=\"cddcbe5\" data-element_type=\"widget\" data-widget_type=\"text-editor.default\">\n\t\t\t\t<div class=\"elementor-widget-container\">\n\t\t\t\t\t\t\t\t\t<p>Los expertos en cadena de suministro global de HK GKK brindan enrutamiento de carga a\u00e9rea eficaz y eficiente cuando el transporte terrestre o mar\u00edtimo por s\u00ed solo es insuficiente para satisfacer sus demandas de movimiento de carga. Para ofrecer la combinaci\u00f3n ideal de servicios log\u00edsticos para el trabajo sin compromisos, evaluamos minuciosamente sus demandas. Eso incluye el env\u00edo de carga a\u00e9rea utilizando nuestra amplia red de aerol\u00edneas regulares y ch\u00e1rter.<\/p>\t\t\t\t\t\t\t\t<\/div>\n\t\t\t\t<\/div>\n\t\t\t\t\t<\/div>\n\t\t<\/div>\n\t\t\t\t\t<\/div>\n\t\t<\/section>\n\t\t\t\t<section class=\"elementor-section elementor-top-section elementor-element elementor-element-8f11b8d elementor-section-boxed elementor-section-height-default elementor-section-height-default\" data-id=\"8f11b8d\" data-element_type=\"section\">\n\t\t\t\t\t\t<div class=\"elementor-container elementor-column-gap-default\">\n\t\t\t\t\t<div class=\"elementor-column elementor-col-50 elementor-top-column elementor-element elementor-element-85a51d2\" data-id=\"85a51d2\" data-element_type=\"column\">\n\t\t\t<div class=\"elementor-widget-wrap elementor-element-populated\">\n\t\t\t\t\t\t<div class=\"elementor-element elementor-element-9fd1179 elementor-widget elementor-widget-text-editor\" data-id=\"9fd1179\" data-element_type=\"widget\" data-widget_type=\"text-editor.default\">\n\t\t\t\t<div class=\"elementor-widget-container\">\n\t\t\t\t\t\t\t\t\t<p>Los aspectos desafiantes de la tarea son manejados de manera experta por nuestro equipo de profesionales experimentados en log\u00edstica a\u00e9rea, que incluyen fletamento de aeronaves, carga pesada sobredimensionada, servicios de transporte manual de emergencia y preparaci\u00f3n de documentos.<\/p><p>Le permitimos agilizar los procedimientos, reducir los costos y aumentar la eficiencia de su carga dondequiera que tenga que ir al guiarlo a trav\u00e9s de las restricciones y tarifas asociadas con la carga a\u00e9rea.<\/p>\t\t\t\t\t\t\t\t<\/div>\n\t\t\t\t<\/div>\n\t\t\t\t\t<\/div>\n\t\t<\/div>\n\t\t\t\t<div class=\"elementor-column elementor-col-50 elementor-top-column elementor-element elementor-element-c17670c\" data-id=\"c17670c\" data-element_type=\"column\">\n\t\t\t<div class=\"elementor-widget-wrap elementor-element-populated\">\n\t\t\t\t\t\t<div class=\"elementor-element elementor-element-cd47764 elementor-widget elementor-widget-toggle\" data-id=\"cd47764\" data-element_type=\"widget\" data-widget_type=\"toggle.default\">\n\t\t\t\t<div class=\"elementor-widget-container\">\n\t\t\t\t\t\t\t<div class=\"elementor-toggle\">\n\t\t\t\t\t\t\t<div class=\"elementor-toggle-item\">\n\t\t\t\t\t<div id=\"elementor-tab-title-2151\" class=\"elementor-tab-title\" data-tab=\"1\" role=\"button\" aria-controls=\"elementor-tab-content-2151\" aria-expanded=\"false\">\n\t\t\t\t\t\t\t\t\t\t\t\t<span class=\"elementor-toggle-icon elementor-toggle-icon-right\" aria-hidden=\"true\">\n\t\t\t\t\t\t\t\t\t\t\t\t\t\t\t<span class=\"elementor-toggle-icon-closed\"><i class=\"fas fa-caret-right\"><\/i><\/span>\n\t\t\t\t\t\t\t\t<span class=\"elementor-toggle-icon-opened\"><i class=\"elementor-toggle-icon-opened fas fa-caret-up\"><\/i><\/span>\n\t\t\t\t\t\t\t\t\t\t\t\t\t<\/span>\n\t\t\t\t\t\t\t\t\t\t\t\t<a class=\"elementor-toggle-title\" tabindex=\"0\">Mar+Aire \/ Aire+Mar<\/a>\n\t\t\t\t\t<\/div>\n\n\t\t\t\t\t<div id=\"elementor-tab-content-2151\" class=\"elementor-tab-content elementor-clearfix\" data-tab=\"1\" role=\"region\" aria-labelledby=\"elementor-tab-title-2151\"><p>Para ahorrar en env\u00edos de carga a\u00e9rea pura y mantener los tiempos de viaje adecuados, HK GKK combina los servicios de env\u00edo Mar+Aire \/ Aire+Mar. Puede reducir los cambios de almac\u00e9n de destino combinando los servicios Mar+Aire o Aire+Mar.<\/p><p>Los env\u00edos Mar+Aire\/Aire+Mar se benefician del servicio de atenci\u00f3n al cliente de primer nivel de HK GKK y permanecen conectados con nuestra red mundial, sistemas y procesos operativos.<\/p><\/div>\n\t\t\t\t<\/div>\n\t\t\t\t\t\t\t<div class=\"elementor-toggle-item\">\n\t\t\t\t\t<div id=\"elementor-tab-title-2152\" class=\"elementor-tab-title\" data-tab=\"2\" role=\"button\" aria-controls=\"elementor-tab-content-2152\" aria-expanded=\"false\">\n\t\t\t\t\t\t\t\t\t\t\t\t<span class=\"elementor-toggle-icon elementor-toggle-icon-right\" aria-hidden=\"true\">\n\t\t\t\t\t\t\t\t\t\t\t\t\t\t\t<span class=\"elementor-toggle-icon-closed\"><i class=\"fas fa-caret-right\"><\/i><\/span>\n\t\t\t\t\t\t\t\t<span class=\"elementor-toggle-icon-opened\"><i class=\"elementor-toggle-icon-opened fas fa-caret-up\"><\/i><\/span>\n\t\t\t\t\t\t\t\t\t\t\t\t\t<\/span>\n\t\t\t\t\t\t\t\t\t\t\t\t<a class=\"elementor-toggle-title\" tabindex=\"0\">Tecnolog\u00eda de Temperatura Controlada<\/a>\n\t\t\t\t\t<\/div>\n\n\t\t\t\t\t<div id=\"elementor-tab-content-2152\" class=\"elementor-tab-content elementor-clearfix\" data-tab=\"2\" role=\"region\" aria-labelledby=\"elementor-tab-title-2152\"><p>Somos conscientes de cu\u00e1n crucial es la carga, incluida la biotecnolog\u00eda, los medicamentos y los dispositivos m\u00e9dicos. Los elementos cr\u00edticos para completar las necesidades de nuestros clientes de cadenas de suministro con control de temperatura son nuestra atenci\u00f3n a los detalles, la cultura de atenci\u00f3n al cliente y el sentimiento de urgencia.<\/p><p>La tecnolog\u00eda y el proceso calificado detr\u00e1s del Programa de Control de Temperatura HK GKK aseguran que todos los env\u00edos se manejen de una manera que sea replicable, repetible y cuantificable a nivel internacional.<\/p><\/div>\n\t\t\t\t<\/div>\n\t\t\t\t\t\t\t<div class=\"elementor-toggle-item\">\n\t\t\t\t\t<div id=\"elementor-tab-title-2153\" class=\"elementor-tab-title\" data-tab=\"3\" role=\"button\" aria-controls=\"elementor-tab-content-2153\" aria-expanded=\"false\">\n\t\t\t\t\t\t\t\t\t\t\t\t<span class=\"elementor-toggle-icon elementor-toggle-icon-right\" aria-hidden=\"true\">\n\t\t\t\t\t\t\t\t\t\t\t\t\t\t\t<span class=\"elementor-toggle-icon-closed\"><i class=\"fas fa-caret-right\"><\/i><\/span>\n\t\t\t\t\t\t\t\t<span class=\"elementor-toggle-icon-opened\"><i class=\"elementor-toggle-icon-opened fas fa-caret-up\"><\/i><\/span>\n\t\t\t\t\t\t\t\t\t\t\t\t\t<\/span>\n\t\t\t\t\t\t\t\t\t\t\t\t<a class=\"elementor-toggle-title\" tabindex=\"0\">Charters<\/a>\n\t\t\t\t\t<\/div>\n\n\t\t\t\t\t<div id=\"elementor-tab-content-2153\" class=\"elementor-tab-content elementor-clearfix\" data-tab=\"3\" role=\"region\" aria-labelledby=\"elementor-tab-title-2153\"><p>Para reducir los efectos de demoras posibles o reales en la l\u00ednea de producci\u00f3n, limitaciones de capacidad estacionales, cierres de campos petroleros, lanzamientos de productos o liberaciones de productos sensibles a la temperatura, las limitaciones de tiempo pueden requerir el uso de un contrato. Estos problemas cruciales pueden tener un impacto en la rentabilidad total de la empresa si no se manejan de manera r\u00e1pida, adecuada o correcta.<\/p><p>HK GKK La capacidad de carga de las aerol\u00edneas programadas en todo el mundo, incluidas los vuelos ch\u00e1rter ad hoc de estas aerol\u00edneas, est\u00e1 disponible para HG GKK. Adicionalmente, colaboramos con brokers especializados en ch\u00e1rter y aviones solo de carga que operan diariamente en el mercado. Debido a que el fletamento es una tarea costosa, HK GKK solo colabora con aerol\u00edneas o corredores que tengan un historial de excelencia, confiabilidad y estabilidad financiera. Somos conscientes de las dificultades que pueden presentar los env\u00edos personalizados y que la integridad del transportista es esencial para una operaci\u00f3n sin problemas.<\/p><\/div>\n\t\t\t\t<\/div>\n\t\t\t\t\t\t\t\t<\/div>\n\t\t\t\t\t\t<\/div>\n\t\t\t\t<\/div>\n\t\t\t\t\t<\/div>\n\t\t<\/div>\n\t\t\t\t\t<\/div>\n\t\t<\/section>\n\t\t\t\t<\/div>","protected":false},"excerpt":{"rendered":"<p>Air Freight Our professionals concentrate on supplying dependable and regular airfreight solutions while being proactive in their communication at every stage of the procedure. We have preferred access to aircraft capacity across the world, which enables us to tailor supply chain solutions for the best price, routing, and delivery times. Global supply chain experts at [&hellip;]<\/p>","protected":false},"author":3,"featured_media":0,"parent":0,"menu_order":0,"comment_status":"closed","ping_status":"closed","template":"","meta":{"footnotes":""},"class_list":["post-15","page","type-page","status-publish","hentry"],"_links":{"self":[{"href":"https:\/\/gkktrade.com\/es\/wp-json\/wp\/v2\/pages\/15","targetHints":{"allow":["GET"]}}],"collection":[{"href":"https:\/\/gkktrade.com\/es\/wp-json\/wp\/v2\/pages"}],"about":[{"href":"https:\/\/gkktrade.com\/es\/wp-json\/wp\/v2\/types\/page"}],"author":[{"embeddable":true,"href":"https:\/\/gkktrade.com\/es\/wp-json\/wp\/v2\/users\/3"}],"replies":[{"embeddable":true,"href":"https:\/\/gkktrade.com\/es\/wp-json\/wp\/v2\/comments?post=15"}],"version-history":[{"count":7,"href":"https:\/\/gkktrade.com\/es\/wp-json\/wp\/v2\/pages\/15\/revisions"}],"predecessor-version":[{"id":242,"href":"https:\/\/gkktrade.com\/es\/wp-json\/wp\/v2\/pages\/15\/revisions\/242"}],"wp:attachment":[{"href":"https:\/\/gkktrade.com\/es\/wp-json\/wp\/v2\/media?parent=15"}],"curies":[{"name":"wp","href":"https:\/\/api.w.org\/{rel}","templated":true}]}}