{"id":13,"date":"2023-05-24T01:58:46","date_gmt":"2023-05-24T01:58:46","guid":{"rendered":"https:\/\/gkktrade.com\/?page_id=13"},"modified":"2023-05-27T00:08:38","modified_gmt":"2023-05-27T00:08:38","slug":"ocean-freight","status":"publish","type":"page","link":"https:\/\/gkktrade.com\/es\/carga-maritima\/","title":{"rendered":"Carga Mar\u00edtima"},"content":{"rendered":"<div data-elementor-type=\"wp-page\" data-elementor-id=\"13\" class=\"elementor elementor-13\" data-elementor-post-type=\"page\">\n\t\t\t\t\t\t<section class=\"elementor-section elementor-top-section elementor-element elementor-element-0adc5bc elementor-section-boxed elementor-section-height-default elementor-section-height-default\" data-id=\"0adc5bc\" data-element_type=\"section\">\n\t\t\t\t\t\t<div class=\"elementor-container elementor-column-gap-default\">\n\t\t\t\t\t<div class=\"elementor-column elementor-col-100 elementor-top-column elementor-element elementor-element-38e8b55\" data-id=\"38e8b55\" data-element_type=\"column\">\n\t\t\t<div class=\"elementor-widget-wrap elementor-element-populated\">\n\t\t\t\t\t\t<div class=\"elementor-element elementor-element-d3f5c6f elementor-widget elementor-widget-heading\" data-id=\"d3f5c6f\" data-element_type=\"widget\" data-widget_type=\"heading.default\">\n\t\t\t\t<div class=\"elementor-widget-container\">\n\t\t\t\t\t<h1 class=\"elementor-heading-title elementor-size-default\">Carga Mar\u00edtima<\/h1>\t\t\t\t<\/div>\n\t\t\t\t<\/div>\n\t\t\t\t\t<\/div>\n\t\t<\/div>\n\t\t\t\t\t<\/div>\n\t\t<\/section>\n\t\t\t\t<section class=\"elementor-section elementor-top-section elementor-element elementor-element-735deac elementor-section-boxed elementor-section-height-default elementor-section-height-default\" data-id=\"735deac\" data-element_type=\"section\" data-settings=\"{&quot;background_background&quot;:&quot;classic&quot;}\">\n\t\t\t\t\t\t<div class=\"elementor-container elementor-column-gap-default\">\n\t\t\t\t\t<div class=\"elementor-column elementor-col-50 elementor-top-column elementor-element elementor-element-be3b8b7\" data-id=\"be3b8b7\" data-element_type=\"column\">\n\t\t\t<div class=\"elementor-widget-wrap elementor-element-populated\">\n\t\t\t\t\t\t<div class=\"elementor-element elementor-element-6bda4cd elementor-widget elementor-widget-text-editor\" data-id=\"6bda4cd\" data-element_type=\"widget\" data-widget_type=\"text-editor.default\">\n\t\t\t\t<div class=\"elementor-widget-container\">\n\t\t\t\t\t\t\t\t\t<p>Las soluciones m\u00e1s flexibles, confiables y personalizables del mercado son posibles gracias a los servicios de transporte mar\u00edtimo flexible y completo de HK GKK. Nos especializamos en la gesti\u00f3n de una amplia gama de carga en todas las formas y dimensiones, incluidos barriles, paletas, autom\u00f3viles, maquinaria de construcci\u00f3n, carga fraccionada y art\u00edculos secos y refrigerados en contenedores.<\/p>\t\t\t\t\t\t\t\t<\/div>\n\t\t\t\t<\/div>\n\t\t\t\t\t<\/div>\n\t\t<\/div>\n\t\t\t\t<div class=\"elementor-column elementor-col-50 elementor-top-column elementor-element elementor-element-eb8ca5c\" data-id=\"eb8ca5c\" data-element_type=\"column\">\n\t\t\t<div class=\"elementor-widget-wrap elementor-element-populated\">\n\t\t\t\t\t\t<div class=\"elementor-element elementor-element-d15c369 elementor-widget elementor-widget-text-editor\" data-id=\"d15c369\" data-element_type=\"widget\" data-widget_type=\"text-editor.default\">\n\t\t\t\t<div class=\"elementor-widget-container\">\n\t\t\t\t\t\t\t\t\t<p>Contamos con especialistas en log\u00edstica cerca para conectar f\u00e1cilmente el transporte mar\u00edtimo con su cadena de suministro gracias a nuestra amplia red de oficinas, puertos e instalaciones de distribuci\u00f3n en todas las regiones a las que prestamos servicio.<\/p>\t\t\t\t\t\t\t\t<\/div>\n\t\t\t\t<\/div>\n\t\t\t\t\t<\/div>\n\t\t<\/div>\n\t\t\t\t\t<\/div>\n\t\t<\/section>\n\t\t\t\t<section class=\"elementor-section elementor-top-section elementor-element elementor-element-bd82b97 elementor-section-boxed elementor-section-height-default elementor-section-height-default\" data-id=\"bd82b97\" data-element_type=\"section\">\n\t\t\t\t\t\t<div class=\"elementor-container elementor-column-gap-default\">\n\t\t\t\t\t<div class=\"elementor-column elementor-col-50 elementor-top-column elementor-element elementor-element-8a3d144\" data-id=\"8a3d144\" data-element_type=\"column\">\n\t\t\t<div class=\"elementor-widget-wrap elementor-element-populated\">\n\t\t\t\t\t\t<div class=\"elementor-element elementor-element-016033d elementor-widget elementor-widget-text-editor\" data-id=\"016033d\" data-element_type=\"widget\" data-widget_type=\"text-editor.default\">\n\t\t\t\t<div class=\"elementor-widget-container\">\n\t\t\t\t\t\t\t\t\t<p>Nuestra estrategia comienza con contar con el personal de gesti\u00f3n oce\u00e1nica m\u00e1s profesional y comprometido, respaldado por una \u00fanica plataforma de sistemas compartidos y posicionado internacionalmente para ofrecer experiencia local y competente en todas las rutas comerciales importantes. HKOcean ahora es parte de una soluci\u00f3n de cadena de suministro continua que aumenta la velocidad y reduce los obst\u00e1culos gracias a nuestros servicios de log\u00edstica integrados.<\/p><p>Nuestras ofertas de servicios incluyen:<\/p><ul><li>Servicios de Carga de Contenedor Completo (FCL) - Est\u00e1ndar y Express<\/li><li>Servicios de Carga Reducida al Contenedor (LCL) - Est\u00e1ndar, Express y Express Platino<\/li><li>Transporte de carga<\/li><li>Servicios de consolidaci\u00f3n (ensamblaje, consolidaci\u00f3n de varios pa\u00edses, transferencia y otros servicios)<\/li><li>Gesti\u00f3n de entrega<\/li><\/ul>\t\t\t\t\t\t\t\t<\/div>\n\t\t\t\t<\/div>\n\t\t\t\t\t<\/div>\n\t\t<\/div>\n\t\t\t\t<div class=\"elementor-column elementor-col-50 elementor-top-column elementor-element elementor-element-58fc912\" data-id=\"58fc912\" data-element_type=\"column\">\n\t\t\t<div class=\"elementor-widget-wrap elementor-element-populated\">\n\t\t\t\t\t\t<div class=\"elementor-element elementor-element-3f7f504 elementor-widget elementor-widget-toggle\" data-id=\"3f7f504\" data-element_type=\"widget\" data-widget_type=\"toggle.default\">\n\t\t\t\t<div class=\"elementor-widget-container\">\n\t\t\t\t\t\t\t<div class=\"elementor-toggle\">\n\t\t\t\t\t\t\t<div class=\"elementor-toggle-item\">\n\t\t\t\t\t<div id=\"elementor-tab-title-6651\" class=\"elementor-tab-title\" data-tab=\"1\" role=\"button\" aria-controls=\"elementor-tab-content-6651\" aria-expanded=\"false\">\n\t\t\t\t\t\t\t\t\t\t\t\t<span class=\"elementor-toggle-icon elementor-toggle-icon-right\" aria-hidden=\"true\">\n\t\t\t\t\t\t\t\t\t\t\t\t\t\t\t<span class=\"elementor-toggle-icon-closed\"><i class=\"fas fa-caret-right\"><\/i><\/span>\n\t\t\t\t\t\t\t\t<span class=\"elementor-toggle-icon-opened\"><i class=\"elementor-toggle-icon-opened fas fa-caret-up\"><\/i><\/span>\n\t\t\t\t\t\t\t\t\t\t\t\t\t<\/span>\n\t\t\t\t\t\t\t\t\t\t\t\t<a class=\"elementor-toggle-title\" tabindex=\"0\">Proyectos y Servicios Energ\u00e9ticos<\/a>\n\t\t\t\t\t<\/div>\n\n\t\t\t\t\t<div id=\"elementor-tab-content-6651\" class=\"elementor-tab-content elementor-clearfix\" data-tab=\"1\" role=\"region\" aria-labelledby=\"elementor-tab-title-6651\"><p>Con la gesti\u00f3n integrada de proyectos de log\u00edstica, una estrategia de transporte \u00fanica y personalizada, y una red de especialistas en carga de gran tama\u00f1o cuidadosamente ubicados para supervisar la transferencia en cada etapa, Servicios de Proyecto y Energ\u00eda  completa la tarea.<\/p><p>Mientras lo ayudan a comprender cada componente de sus gastos de transporte, nuestros especialistas tambi\u00e9n se esfuerzan por garantizar que se empleen las mejores rutas y tipos de transporte. Superamos problemas de tama\u00f1o, peso y complejidad todos los d\u00edas.<\/p><p>No hay l\u00edmites para nuestros servicios multifuncionales y multimodales. Brindamos servicios de administraci\u00f3n de proyectos y transporte sin igual, ya sea para una nueva planta que una empresa de energ\u00eda renovable necesita desarrollar, una expansi\u00f3n de f\u00e1brica para una empresa de veh\u00edculos el\u00e9ctricos o la movilizaci\u00f3n de una plataforma petrolera.<\/p><p>Ofrecemos una variedad de servicios b\u00e1sicos y de valor agregado:<\/p><ul><li>Cargas sobredimensionadas<\/li><li>Carga pesada<\/li><li>Log\u00edstica del proyecto<\/li><li>Fletamento mar\u00edtimo total o parcial de carga fraccionada<\/li><li>Movimientos multimodales complejos<\/li><li>Estudios de ruta<\/li><li>Evaluaciones de riesgo<\/li><li>Inspecci\u00f3n de carga<\/li><li>Supervisi\u00f3n de carga\/descarga<\/li><li>Operaciones portuarias<\/li><\/ul><\/div>\n\t\t\t\t<\/div>\n\t\t\t\t\t\t\t<div class=\"elementor-toggle-item\">\n\t\t\t\t\t<div id=\"elementor-tab-title-6652\" class=\"elementor-tab-title\" data-tab=\"2\" role=\"button\" aria-controls=\"elementor-tab-content-6652\" aria-expanded=\"false\">\n\t\t\t\t\t\t\t\t\t\t\t\t<span class=\"elementor-toggle-icon elementor-toggle-icon-right\" aria-hidden=\"true\">\n\t\t\t\t\t\t\t\t\t\t\t\t\t\t\t<span class=\"elementor-toggle-icon-closed\"><i class=\"fas fa-caret-right\"><\/i><\/span>\n\t\t\t\t\t\t\t\t<span class=\"elementor-toggle-icon-opened\"><i class=\"elementor-toggle-icon-opened fas fa-caret-up\"><\/i><\/span>\n\t\t\t\t\t\t\t\t\t\t\t\t\t<\/span>\n\t\t\t\t\t\t\t\t\t\t\t\t<a class=\"elementor-toggle-title\" tabindex=\"0\">Asignaci\u00f3n de Transportista<\/a>\n\t\t\t\t\t<\/div>\n\n\t\t\t\t\t<div id=\"elementor-tab-content-6652\" class=\"elementor-tab-content elementor-clearfix\" data-tab=\"2\" role=\"region\" aria-labelledby=\"elementor-tab-title-6652\"><p>El m\u00e9todo habitual de pron\u00f3stico para los transportistas mar\u00edtimos es un procedimiento muy manual y que requiere mucha mano de obra y que es susceptible de sufrir interrupciones debido a una variedad de fuentes, incluida la congesti\u00f3n portuaria, demoras, mal tiempo, leyes aduaneras o eventos imprevistos. El transportista m\u00e1s grande del mundo ayud\u00f3 a crear una Asignaci\u00f3n de Transportista. Cualquier embarcador que desee mejorar la eficiencia de su gesti\u00f3n mar\u00edtima ahora puede utilizar la plataforma.<\/p><p>Ayudamos a nuestros clientes a crear reglas operativas din\u00e1micas para manejar las interrupciones frecuentes del mercado, como la congesti\u00f3n portuaria, los retrasos, las inclemencias del tiempo, los requisitos aduaneros o los eventos imprevistos una vez que todos los puntos de datos cruciales se han cargado en la plataforma. Puedes adaptar y modificar tu estrategia r\u00e1pidamente al tener predeterminada tu respuesta a estos eventos. Por \u00faltimo, pero no menos importante, nuestra tecnolog\u00eda producir\u00e1 una cadencia de pron\u00f3stico que beneficiar\u00e1 a los cargadores, transportistas y transportistas por igual.<\/p><\/div>\n\t\t\t\t<\/div>\n\t\t\t\t\t\t\t<div class=\"elementor-toggle-item\">\n\t\t\t\t\t<div id=\"elementor-tab-title-6653\" class=\"elementor-tab-title\" data-tab=\"3\" role=\"button\" aria-controls=\"elementor-tab-content-6653\" aria-expanded=\"false\">\n\t\t\t\t\t\t\t\t\t\t\t\t<span class=\"elementor-toggle-icon elementor-toggle-icon-right\" aria-hidden=\"true\">\n\t\t\t\t\t\t\t\t\t\t\t\t\t\t\t<span class=\"elementor-toggle-icon-closed\"><i class=\"fas fa-caret-right\"><\/i><\/span>\n\t\t\t\t\t\t\t\t<span class=\"elementor-toggle-icon-opened\"><i class=\"elementor-toggle-icon-opened fas fa-caret-up\"><\/i><\/span>\n\t\t\t\t\t\t\t\t\t\t\t\t\t<\/span>\n\t\t\t\t\t\t\t\t\t\t\t\t<a class=\"elementor-toggle-title\" tabindex=\"0\">Gesti\u00f3n de Pedidos<\/a>\n\t\t\t\t\t<\/div>\n\n\t\t\t\t\t<div id=\"elementor-tab-content-6653\" class=\"elementor-tab-content elementor-clearfix\" data-tab=\"3\" role=\"region\" aria-labelledby=\"elementor-tab-title-6653\"><p>La log\u00edstica tal como la conocemos ahora es reactiva por naturaleza. Puede evitar que se produzcan retrasos si tiene la flexibilidad de adaptarse a cambios imprevistos en su proceso de compra.<\/p><p>La gesti\u00f3n de pedidos hace uso de la tecnolog\u00eda y el conocimiento de nuestra red para optimizar con \u00e9xito su cadena de suministro y realizar los ajustes necesarios. Puede abordar los problemas antes de que afecten su cadena de suministro si est\u00e1 al tanto de lo que sucede en ella.<\/p><\/div>\n\t\t\t\t<\/div>\n\t\t\t\t\t\t\t<div class=\"elementor-toggle-item\">\n\t\t\t\t\t<div id=\"elementor-tab-title-6654\" class=\"elementor-tab-title\" data-tab=\"4\" role=\"button\" aria-controls=\"elementor-tab-content-6654\" aria-expanded=\"false\">\n\t\t\t\t\t\t\t\t\t\t\t\t<span class=\"elementor-toggle-icon elementor-toggle-icon-right\" aria-hidden=\"true\">\n\t\t\t\t\t\t\t\t\t\t\t\t\t\t\t<span class=\"elementor-toggle-icon-closed\"><i class=\"fas fa-caret-right\"><\/i><\/span>\n\t\t\t\t\t\t\t\t<span class=\"elementor-toggle-icon-opened\"><i class=\"elementor-toggle-icon-opened fas fa-caret-up\"><\/i><\/span>\n\t\t\t\t\t\t\t\t\t\t\t\t\t<\/span>\n\t\t\t\t\t\t\t\t\t\t\t\t<a class=\"elementor-toggle-title\" tabindex=\"0\">Corretaje de Aduanas<\/a>\n\t\t\t\t\t<\/div>\n\n\t\t\t\t\t<div id=\"elementor-tab-content-6654\" class=\"elementor-tab-content elementor-clearfix\" data-tab=\"4\" role=\"region\" aria-labelledby=\"elementor-tab-title-6654\"><p>Puede confiar en la pericia y la experiencia para los servicios globales de corretaje de aduanas. HK GKK ayuda a los importadores y exportadores con el procesamiento de declaraciones a trav\u00e9s de las autoridades aduaneras y fronterizas relacionadas en su calidad de agente de aduanas. En nombre del importador, compilamos la documentaci\u00f3n necesaria, calculamos las tarifas y otros impuestos, programamos las inspecciones de las agencias gubernamentales y organizamos la entrega.<\/p><\/div>\n\t\t\t\t<\/div>\n\t\t\t\t\t\t\t<div class=\"elementor-toggle-item\">\n\t\t\t\t\t<div id=\"elementor-tab-title-6655\" class=\"elementor-tab-title\" data-tab=\"5\" role=\"button\" aria-controls=\"elementor-tab-content-6655\" aria-expanded=\"false\">\n\t\t\t\t\t\t\t\t\t\t\t\t<span class=\"elementor-toggle-icon elementor-toggle-icon-right\" aria-hidden=\"true\">\n\t\t\t\t\t\t\t\t\t\t\t\t\t\t\t<span class=\"elementor-toggle-icon-closed\"><i class=\"fas fa-caret-right\"><\/i><\/span>\n\t\t\t\t\t\t\t\t<span class=\"elementor-toggle-icon-opened\"><i class=\"elementor-toggle-icon-opened fas fa-caret-up\"><\/i><\/span>\n\t\t\t\t\t\t\t\t\t\t\t\t\t<\/span>\n\t\t\t\t\t\t\t\t\t\t\t\t<a class=\"elementor-toggle-title\" tabindex=\"0\">Almacenamiento y Distribuci\u00f3n<\/a>\n\t\t\t\t\t<\/div>\n\n\t\t\t\t\t<div id=\"elementor-tab-content-6655\" class=\"elementor-tab-content elementor-clearfix\" data-tab=\"5\" role=\"region\" aria-labelledby=\"elementor-tab-title-6655\"><p>Recibe visibilidad e informes de inventario en tiempo real con la tecnolog\u00eda de informaci\u00f3n global integrada y unificada de HK GKK, combinada con conectividad que le permite desarrollar sus operaciones mundiales en casi cualquier parte del mundo. El movimiento de su cadena de suministro, y su negocio, se mantiene mediante una gesti\u00f3n de inventario eficaz y servicios especializados de cumplimiento y entrega.<\/p><\/div>\n\t\t\t\t<\/div>\n\t\t\t\t\t\t\t<div class=\"elementor-toggle-item\">\n\t\t\t\t\t<div id=\"elementor-tab-title-6656\" class=\"elementor-tab-title\" data-tab=\"6\" role=\"button\" aria-controls=\"elementor-tab-content-6656\" aria-expanded=\"false\">\n\t\t\t\t\t\t\t\t\t\t\t\t<span class=\"elementor-toggle-icon elementor-toggle-icon-right\" aria-hidden=\"true\">\n\t\t\t\t\t\t\t\t\t\t\t\t\t\t\t<span class=\"elementor-toggle-icon-closed\"><i class=\"fas fa-caret-right\"><\/i><\/span>\n\t\t\t\t\t\t\t\t<span class=\"elementor-toggle-icon-opened\"><i class=\"elementor-toggle-icon-opened fas fa-caret-up\"><\/i><\/span>\n\t\t\t\t\t\t\t\t\t\t\t\t\t<\/span>\n\t\t\t\t\t\t\t\t\t\t\t\t<a class=\"elementor-toggle-title\" tabindex=\"0\">Gesti\u00f3n de Riesgos y Seguros<\/a>\n\t\t\t\t\t<\/div>\n\n\t\t\t\t\t<div id=\"elementor-tab-content-6656\" class=\"elementor-tab-content elementor-clearfix\" data-tab=\"6\" role=\"region\" aria-labelledby=\"elementor-tab-title-6656\"><p>El seguro de carga mar\u00edtima, las reclamaciones, la seguridad y las limitaciones de responsabilidad con los transportistas de todo el mundo son \u00e1reas de especializaci\u00f3n para el equipo de gesti\u00f3n de riesgos de HK GKK. Tenemos un amplio conocimiento de c\u00f3mo viaja una mercanc\u00eda, y nuestro conocimiento del sector est\u00e1 avalado por una formaci\u00f3n tanto en seguros como en log\u00edstica. Dondequiera que se transporten los bienes de nuestros clientes, HK GKK tiene la capacidad \u00fanica de informarlos y protegerlos contra carga da\u00f1ada, robo e infracciones de seguridad gracias a esta combinaci\u00f3n de experiencia y habilidades.<\/p><p><strong>Seguro de carga:<\/strong> Brindamos a nuestros clientes un seguro de carga Todo Riesgo, la m\u00e1s amplia y completa cobertura disponible. Con nuestro servicio, los clientes tienen la opci\u00f3n de comprar un seguro en forma transaccional o con una p\u00f3liza anual.<\/p><p><strong>Reclamaciones de carga:<\/strong> Nuestro equipo dedicado est\u00e1 aqu\u00ed para ayudarlo en cada etapa. De principio a fin, es simple y r\u00e1pido presentar un reclamo de carga utilizando TRACE, nuestra herramienta basada en la web.<\/p><p><strong>Fianzas Aduaneras:<\/strong> Con el fin de satisfacer sus demandas de fianzas aduaneras, como agente de aduanas respetable y confiable, ofrecemos un servicio y conocimiento inigualables.<\/p><\/div>\n\t\t\t\t<\/div>\n\t\t\t\t\t\t\t<div class=\"elementor-toggle-item\">\n\t\t\t\t\t<div id=\"elementor-tab-title-6657\" class=\"elementor-tab-title\" data-tab=\"7\" role=\"button\" aria-controls=\"elementor-tab-content-6657\" aria-expanded=\"false\">\n\t\t\t\t\t\t\t\t\t\t\t\t<span class=\"elementor-toggle-icon elementor-toggle-icon-right\" aria-hidden=\"true\">\n\t\t\t\t\t\t\t\t\t\t\t\t\t\t\t<span class=\"elementor-toggle-icon-closed\"><i class=\"fas fa-caret-right\"><\/i><\/span>\n\t\t\t\t\t\t\t\t<span class=\"elementor-toggle-icon-opened\"><i class=\"elementor-toggle-icon-opened fas fa-caret-up\"><\/i><\/span>\n\t\t\t\t\t\t\t\t\t\t\t\t\t<\/span>\n\t\t\t\t\t\t\t\t\t\t\t\t<a class=\"elementor-toggle-title\" tabindex=\"0\">Mar+Aire \/ Aire+Mar<\/a>\n\t\t\t\t\t<\/div>\n\n\t\t\t\t\t<div id=\"elementor-tab-content-6657\" class=\"elementor-tab-content elementor-clearfix\" data-tab=\"7\" role=\"region\" aria-labelledby=\"elementor-tab-title-6657\"><p>Al tiempo que garantiza plazos de viaje realistas, nuestros servicios de env\u00edo Mar+Aire ofrecen ahorros en comparaci\u00f3n con la carga a\u00e9rea. Puede mejorar los tiempos de tr\u00e1nsito y rendimiento, agilizar el papeleo de la carga y obtener visibilidad en el seguimiento y la generaci\u00f3n de informes en todo el mundo al combinar sus servicios de env\u00edo a\u00e9reo y mar\u00edtimo.<\/p><\/div>\n\t\t\t\t<\/div>\n\t\t\t\t\t\t\t<div class=\"elementor-toggle-item\">\n\t\t\t\t\t<div id=\"elementor-tab-title-6658\" class=\"elementor-tab-title\" data-tab=\"8\" role=\"button\" aria-controls=\"elementor-tab-content-6658\" aria-expanded=\"false\">\n\t\t\t\t\t\t\t\t\t\t\t\t<span class=\"elementor-toggle-icon elementor-toggle-icon-right\" aria-hidden=\"true\">\n\t\t\t\t\t\t\t\t\t\t\t\t\t\t\t<span class=\"elementor-toggle-icon-closed\"><i class=\"fas fa-caret-right\"><\/i><\/span>\n\t\t\t\t\t\t\t\t<span class=\"elementor-toggle-icon-opened\"><i class=\"elementor-toggle-icon-opened fas fa-caret-up\"><\/i><\/span>\n\t\t\t\t\t\t\t\t\t\t\t\t\t<\/span>\n\t\t\t\t\t\t\t\t\t\t\t\t<a class=\"elementor-toggle-title\" tabindex=\"0\">Tecnolog\u00eda de Temperatura Controlada<\/a>\n\t\t\t\t\t<\/div>\n\n\t\t\t\t\t<div id=\"elementor-tab-content-6658\" class=\"elementor-tab-content elementor-clearfix\" data-tab=\"8\" role=\"region\" aria-labelledby=\"elementor-tab-title-6658\"><p>Somos conscientes de cu\u00e1n crucial es la carga, incluida la biotecnolog\u00eda, los medicamentos y los dispositivos m\u00e9dicos. Los elementos cr\u00edticos para completar las necesidades de nuestros clientes de cadenas de suministro con control de temperatura son nuestra atenci\u00f3n a los detalles, la cultura de atenci\u00f3n al cliente y el sentimiento de urgencia.<\/p><p>La tecnolog\u00eda y el proceso calificado detr\u00e1s del Programa de Control de Temperatura HK GKK aseguran que todos los env\u00edos se manejen de una manera que sea replicable, repetible y cuantificable a nivel internacional.<\/p><\/div>\n\t\t\t\t<\/div>\n\t\t\t\t\t\t\t\t<\/div>\n\t\t\t\t\t\t<\/div>\n\t\t\t\t<\/div>\n\t\t\t\t\t<\/div>\n\t\t<\/div>\n\t\t\t\t\t<\/div>\n\t\t<\/section>\n\t\t\t\t<\/div>","protected":false},"excerpt":{"rendered":"<p>Ocean Freight The most highly flexible, dependable, and customizable solutions in the market are made possible by HK GKK&#8217;s flexible and comprehensive ocean freight services. We specialize in managing a broad range of freight in all forms and dimensions, including barrels, pallets, cars, construction machinery, breakbulk, and containerized dry and chilled items. We have the [&hellip;]<\/p>","protected":false},"author":3,"featured_media":0,"parent":0,"menu_order":0,"comment_status":"closed","ping_status":"closed","template":"","meta":{"footnotes":""},"class_list":["post-13","page","type-page","status-publish","hentry"],"_links":{"self":[{"href":"https:\/\/gkktrade.com\/es\/wp-json\/wp\/v2\/pages\/13","targetHints":{"allow":["GET"]}}],"collection":[{"href":"https:\/\/gkktrade.com\/es\/wp-json\/wp\/v2\/pages"}],"about":[{"href":"https:\/\/gkktrade.com\/es\/wp-json\/wp\/v2\/types\/page"}],"author":[{"embeddable":true,"href":"https:\/\/gkktrade.com\/es\/wp-json\/wp\/v2\/users\/3"}],"replies":[{"embeddable":true,"href":"https:\/\/gkktrade.com\/es\/wp-json\/wp\/v2\/comments?post=13"}],"version-history":[{"count":7,"href":"https:\/\/gkktrade.com\/es\/wp-json\/wp\/v2\/pages\/13\/revisions"}],"predecessor-version":[{"id":266,"href":"https:\/\/gkktrade.com\/es\/wp-json\/wp\/v2\/pages\/13\/revisions\/266"}],"wp:attachment":[{"href":"https:\/\/gkktrade.com\/es\/wp-json\/wp\/v2\/media?parent=13"}],"curies":[{"name":"wp","href":"https:\/\/api.w.org\/{rel}","templated":true}]}}